{"id":4835,"date":"2023-05-05T19:38:40","date_gmt":"2023-05-05T22:38:40","guid":{"rendered":"https:\/\/hardwoodsnb.ca\/systeme-de-classification-de-tiges\/"},"modified":"2024-02-28T10:06:33","modified_gmt":"2024-02-28T14:06:33","slug":"systeme-de-classification-de-tiges","status":"publish","type":"page","link":"https:\/\/hardwoodsnb.ca\/fr\/systeme-de-classification-de-tiges\/","title":{"rendered":"Syst\u00e8me de classification de tiges"},"content":{"rendered":"<p>[et_pb_section fb_built=\u00a0\u00bb1&Prime; fullwidth=\u00a0\u00bbon\u00a0\u00bb _builder_version=\u00a0\u00bb4.21.0&Prime; background_color=\u00a0\u00bb#314528&Prime; locked=\u00a0\u00bboff\u00a0\u00bb global_colors_info=\u00a0\u00bb{}\u00a0\u00bb][et_pb_fullwidth_header title=\u00a0\u00bbSyst\u00e8me de classification des tiges\u00a0\u00bb background_overlay_color=\u00a0\u00bbRGBA(255,255,255,0)\u00a0\u00bb module_id=\u00a0\u00bbinner-header\u00a0\u00bb _builder_version=\u00a0\u00bb4.21.0&Prime; title_level=\u00a0\u00bbh2&Prime; title_font=\u00a0\u00bbMontserrat|300|||||||\u00a0\u00bb title_font_size=\u00a0\u00bb50px\u00a0\u00bb background_enable_image=\u00a0\u00bboff\u00a0\u00bb custom_margin=\u00a0\u00bb0px||||false|false\u00a0\u00bb custom_padding=\u00a0\u00bb25px||0px||false|false\u00a0\u00bb global_colors_info=\u00a0\u00bb{}\u00a0\u00bb button_one_text_size__hover_enabled=\u00a0\u00bboff\u00a0\u00bb button_two_text_size__hover_enabled=\u00a0\u00bboff\u00a0\u00bb button_one_text_color__hover_enabled=\u00a0\u00bboff\u00a0\u00bb button_two_text_color__hover_enabled=\u00a0\u00bboff\u00a0\u00bb button_one_border_width__hover_enabled=\u00a0\u00bboff\u00a0\u00bb button_two_border_width__hover_enabled=\u00a0\u00bboff\u00a0\u00bb button_one_border_color__hover_enabled=\u00a0\u00bboff\u00a0\u00bb button_two_border_color__hover_enabled=\u00a0\u00bboff\u00a0\u00bb button_one_border_radius__hover_enabled=\u00a0\u00bboff\u00a0\u00bb button_two_border_radius__hover_enabled=\u00a0\u00bboff\u00a0\u00bb button_one_letter_spacing__hover_enabled=\u00a0\u00bboff\u00a0\u00bb button_two_letter_spacing__hover_enabled=\u00a0\u00bboff\u00a0\u00bb button_one_bg_color__hover_enabled=\u00a0\u00bboff\u00a0\u00bb button_two_bg_color__hover_enabled=\u00a0\u00bboff\u00a0\u00bb][\/et_pb_fullwidth_header][\/et_pb_section][et_pb_section fb_built=\u00a0\u00bb1&Prime; _builder_version=\u00a0\u00bb4.21.0&Prime; _module_preset=\u00a0\u00bbdefault\u00a0\u00bb background_color=\u00a0\u00bb#E9EBE9&Prime; global_colors_info=\u00a0\u00bb{}\u00a0\u00bb][et_pb_row _builder_version=\u00a0\u00bb4.21.0&Prime; _module_preset=\u00a0\u00bbdefault\u00a0\u00bb global_colors_info=\u00a0\u00bb{}\u00a0\u00bb][et_pb_column type=\u00a0\u00bb4_4&Prime; _builder_version=\u00a0\u00bb4.21.0&Prime; _module_preset=\u00a0\u00bbdefault\u00a0\u00bb global_colors_info=\u00a0\u00bb{}\u00a0\u00bb][et_pb_text _builder_version=\u00a0\u00bb4.21.0&Prime; _module_preset=\u00a0\u00bbdefault\u00a0\u00bb global_colors_info=\u00a0\u00bb{}\u00a0\u00bb]<\/p>\n<p><strong>SYST\u00c8ME DE CLASSIFICATION DE TIGES<\/strong><\/p>\n<ul>\n<li>Classification du risque et de la forme des arbres<\/li>\n<li>Am\u00e9liorer les d\u00e9cisions sylvicoles<\/li>\n<li>Pr\u00e9voir la distribution du produit<\/li>\n<li>D\u00e9terminer les co\u00fbts de r\u00e9colte et de transformation<\/li>\n<\/ul>\n<ul><\/ul>\n<p>[\/et_pb_text][\/et_pb_column][\/et_pb_row][et_pb_row column_structure=\u00a0\u00bb1_2,1_2&Prime; _builder_version=\u00a0\u00bb4.21.0&Prime; _module_preset=\u00a0\u00bbdefault\u00a0\u00bb global_colors_info=\u00a0\u00bb{}\u00a0\u00bb][et_pb_column type=\u00a0\u00bb1_2&Prime; _builder_version=\u00a0\u00bb4.21.0&Prime; _module_preset=\u00a0\u00bbdefault\u00a0\u00bb global_colors_info=\u00a0\u00bb{}\u00a0\u00bb][et_pb_text _builder_version=\u00a0\u00bb4.21.0&Prime; _module_preset=\u00a0\u00bbdefault\u00a0\u00bb global_colors_info=\u00a0\u00bb{}\u00a0\u00bb]<\/p>\n<p style=\"text-align: center;\"><strong>Guide complet<\/strong><\/p>\n<p>[\/et_pb_text][\/et_pb_column][et_pb_column type=\u00a0\u00bb1_2&Prime; _builder_version=\u00a0\u00bb4.21.0&Prime; _module_preset=\u00a0\u00bbdefault\u00a0\u00bb global_colors_info=\u00a0\u00bb{}\u00a0\u00bb][et_pb_text _builder_version=\u00a0\u00bb4.21.0&Prime; _module_preset=\u00a0\u00bbdefault\u00a0\u00bb global_colors_info=\u00a0\u00bb{}\u00a0\u00bb]<\/p>\n<p style=\"text-align: center;\"><strong>Cl\u00e9s pour forme et risque<\/strong><\/p>\n<p>[\/et_pb_text][\/et_pb_column][\/et_pb_row][et_pb_row column_structure=\u00a0\u00bb1_2,1_2&Prime; _builder_version=\u00a0\u00bb4.24.2&Prime; _module_preset=\u00a0\u00bbdefault\u00a0\u00bb custom_margin=\u00a0\u00bb-40px||||false|false\u00a0\u00bb custom_padding=\u00a0\u00bb||50px||false|false\u00a0\u00bb global_colors_info=\u00a0\u00bb{}\u00a0\u00bb][et_pb_column type=\u00a0\u00bb1_2&Prime; _builder_version=\u00a0\u00bb4.24.2&Prime; _module_preset=\u00a0\u00bbdefault\u00a0\u00bb link_option_url_new_window=\u00a0\u00bbon\u00a0\u00bb global_colors_info=\u00a0\u00bb{}\u00a0\u00bb][dpvfw_pdf_viewer_image pdfviewer=\u00a0\u00bb5075&Prime; image_viewer=\u00a0\u00bbhttps:\/\/hardwoodsnb.ca\/wp-content\/uploads\/2024\/02\/Systeme-de-classification-des-tiges-du-N.-B2.webp\u00a0\u00bb target_image=\u00a0\u00bb_blank\u00a0\u00bb module_class=\u00a0\u00bbet-zoom-in\u00a0\u00bb _builder_version=\u00a0\u00bb4.24.2&Prime; _module_preset=\u00a0\u00bbdefault\u00a0\u00bb hover_enabled=\u00a0\u00bb0&Prime; global_colors_info=\u00a0\u00bb{}\u00a0\u00bb sticky_enabled=\u00a0\u00bb0&Prime;][\/dpvfw_pdf_viewer_image][\/et_pb_column][et_pb_column type=\u00a0\u00bb1_2&Prime; _builder_version=\u00a0\u00bb4.24.2&Prime; _module_preset=\u00a0\u00bbdefault\u00a0\u00bb link_option_url_new_window=\u00a0\u00bbon\u00a0\u00bb global_colors_info=\u00a0\u00bb{}\u00a0\u00bb][dpvfw_pdf_viewer_image pdfviewer=\u00a0\u00bb5076&Prime; image_viewer=\u00a0\u00bbhttps:\/\/hardwoodsnb.ca\/wp-content\/uploads\/2024\/02\/Systeme-de-CLassification-des-TIges-Resume-Cles-1b.webp\u00a0\u00bb module_class=\u00a0\u00bbet-zoom-in\u00a0\u00bb _builder_version=\u00a0\u00bb4.24.2&Prime; _module_preset=\u00a0\u00bbdefault\u00a0\u00bb hover_enabled=\u00a0\u00bb0&Prime; global_colors_info=\u00a0\u00bb{}\u00a0\u00bb target_image=\u00a0\u00bb_blank\u00a0\u00bb sticky_enabled=\u00a0\u00bb0&Prime;][\/dpvfw_pdf_viewer_image][\/et_pb_column][\/et_pb_row][\/et_pb_section]<\/p>\n","protected":false},"excerpt":{"rendered":"<p>SYST\u00c8ME DE CLASSIFICATION DE TIGES Classification du risque et de la forme des arbres Am\u00e9liorer les d\u00e9cisions sylvicoles Pr\u00e9voir la distribution du produit D\u00e9terminer les co\u00fbts de r\u00e9colte et de\u2026 <a href=\"https:\/\/hardwoodsnb.ca\/fr\/systeme-de-classification-de-tiges\/\">Read More &raquo;<\/a><\/p>\n","protected":false},"author":2,"featured_media":0,"parent":0,"menu_order":0,"comment_status":"closed","ping_status":"closed","template":"","meta":{"_et_pb_use_builder":"on","_et_pb_old_content":"","_et_gb_content_width":"","_monsterinsights_skip_tracking":false,"_monsterinsights_sitenote_active":false,"_monsterinsights_sitenote_note":"","_monsterinsights_sitenote_category":0,"footnotes":""},"categories":[],"tags":[],"class_list":["post-4835","page","type-page","status-publish","hentry"],"yoast_head":"<!-- This site is optimized with the Yoast SEO Premium plugin v27.0 (Yoast SEO v27.4) - https:\/\/yoast.com\/product\/yoast-seo-premium-wordpress\/ -->\n<title>Syst\u00e8me de classification de tiges - Northern Hardwoods Research Institute<\/title>\n<meta name=\"robots\" content=\"index, follow, max-snippet:-1, max-image-preview:large, max-video-preview:-1\" \/>\n<link rel=\"canonical\" href=\"https:\/\/hardwoodsnb.ca\/fr\/systeme-de-classification-de-tiges\/\" \/>\n<meta property=\"og:locale\" content=\"fr_FR\" \/>\n<meta property=\"og:type\" content=\"article\" \/>\n<meta property=\"og:title\" content=\"Syst\u00e8me de classification de tiges\" \/>\n<meta property=\"og:description\" content=\"SYST\u00c8ME DE CLASSIFICATION DE TIGES Classification du risque et de la forme des arbres Am\u00e9liorer les d\u00e9cisions sylvicoles Pr\u00e9voir la distribution du produit D\u00e9terminer les co\u00fbts de r\u00e9colte et de\u2026 Read More &raquo;\" \/>\n<meta property=\"og:url\" content=\"https:\/\/hardwoodsnb.ca\/fr\/systeme-de-classification-de-tiges\/\" \/>\n<meta property=\"og:site_name\" content=\"Northern Hardwoods Research Institute\" \/>\n<meta property=\"article:publisher\" content=\"https:\/\/www.facebook.com\/irfnnhri\" \/>\n<meta property=\"article:modified_time\" content=\"2024-02-28T14:06:33+00:00\" \/>\n<meta name=\"twitter:card\" content=\"summary_large_image\" \/>\n<meta name=\"twitter:label1\" content=\"Dur\u00e9e de lecture estim\u00e9e\" \/>\n\t<meta name=\"twitter:data1\" content=\"2 minutes\" \/>\n<script type=\"application\/ld+json\" class=\"yoast-schema-graph\">{\"@context\":\"https:\\\/\\\/schema.org\",\"@graph\":[{\"@type\":\"WebPage\",\"@id\":\"https:\\\/\\\/hardwoodsnb.ca\\\/fr\\\/systeme-de-classification-de-tiges\\\/\",\"url\":\"https:\\\/\\\/hardwoodsnb.ca\\\/fr\\\/systeme-de-classification-de-tiges\\\/\",\"name\":\"Syst\u00e8me de classification de tiges - Northern Hardwoods Research Institute\",\"isPartOf\":{\"@id\":\"https:\\\/\\\/hardwoodsnb.ca\\\/fr\\\/#website\"},\"datePublished\":\"2023-05-05T22:38:40+00:00\",\"dateModified\":\"2024-02-28T14:06:33+00:00\",\"breadcrumb\":{\"@id\":\"https:\\\/\\\/hardwoodsnb.ca\\\/fr\\\/systeme-de-classification-de-tiges\\\/#breadcrumb\"},\"inLanguage\":\"fr-FR\",\"potentialAction\":[{\"@type\":\"ReadAction\",\"target\":[\"https:\\\/\\\/hardwoodsnb.ca\\\/fr\\\/systeme-de-classification-de-tiges\\\/\"]}]},{\"@type\":\"BreadcrumbList\",\"@id\":\"https:\\\/\\\/hardwoodsnb.ca\\\/fr\\\/systeme-de-classification-de-tiges\\\/#breadcrumb\",\"itemListElement\":[{\"@type\":\"ListItem\",\"position\":1,\"name\":\"Home\",\"item\":\"https:\\\/\\\/hardwoodsnb.ca\\\/fr\\\/\"},{\"@type\":\"ListItem\",\"position\":2,\"name\":\"Syst\u00e8me de classification de tiges\"}]},{\"@type\":\"WebSite\",\"@id\":\"https:\\\/\\\/hardwoodsnb.ca\\\/fr\\\/#website\",\"url\":\"https:\\\/\\\/hardwoodsnb.ca\\\/fr\\\/\",\"name\":\"Northern Hardwoods Research Institute\",\"description\":\"Harvest Knowledge | Promote Growth\",\"publisher\":{\"@id\":\"https:\\\/\\\/hardwoodsnb.ca\\\/fr\\\/#organization\"},\"potentialAction\":[{\"@type\":\"SearchAction\",\"target\":{\"@type\":\"EntryPoint\",\"urlTemplate\":\"https:\\\/\\\/hardwoodsnb.ca\\\/fr\\\/?s={search_term_string}\"},\"query-input\":{\"@type\":\"PropertyValueSpecification\",\"valueRequired\":true,\"valueName\":\"search_term_string\"}}],\"inLanguage\":\"fr-FR\"},{\"@type\":\"Organization\",\"@id\":\"https:\\\/\\\/hardwoodsnb.ca\\\/fr\\\/#organization\",\"name\":\"Northern Hardwoods Research Institute Inc. \\\/ Institut de recherche sur les feuillus nordiques\",\"url\":\"https:\\\/\\\/hardwoodsnb.ca\\\/fr\\\/\",\"logo\":{\"@type\":\"ImageObject\",\"inLanguage\":\"fr-FR\",\"@id\":\"https:\\\/\\\/hardwoodsnb.ca\\\/fr\\\/#\\\/schema\\\/logo\\\/image\\\/\",\"url\":\"https:\\\/\\\/hardwoodsnb.ca\\\/wp-content\\\/uploads\\\/2023\\\/01\\\/logo-IRFN-NHRI.png\",\"contentUrl\":\"https:\\\/\\\/hardwoodsnb.ca\\\/wp-content\\\/uploads\\\/2023\\\/01\\\/logo-IRFN-NHRI.png\",\"width\":400,\"height\":106,\"caption\":\"Northern Hardwoods Research Institute Inc. \\\/ Institut de recherche sur les feuillus nordiques\"},\"image\":{\"@id\":\"https:\\\/\\\/hardwoodsnb.ca\\\/fr\\\/#\\\/schema\\\/logo\\\/image\\\/\"},\"sameAs\":[\"https:\\\/\\\/www.facebook.com\\\/irfnnhri\"]}]}<\/script>\n<!-- \/ Yoast SEO Premium plugin. -->","yoast_head_json":{"title":"Syst\u00e8me de classification de tiges - Northern Hardwoods Research Institute","robots":{"index":"index","follow":"follow","max-snippet":"max-snippet:-1","max-image-preview":"max-image-preview:large","max-video-preview":"max-video-preview:-1"},"canonical":"https:\/\/hardwoodsnb.ca\/fr\/systeme-de-classification-de-tiges\/","og_locale":"fr_FR","og_type":"article","og_title":"Syst\u00e8me de classification de tiges","og_description":"SYST\u00c8ME DE CLASSIFICATION DE TIGES Classification du risque et de la forme des arbres Am\u00e9liorer les d\u00e9cisions sylvicoles Pr\u00e9voir la distribution du produit D\u00e9terminer les co\u00fbts de r\u00e9colte et de\u2026 Read More &raquo;","og_url":"https:\/\/hardwoodsnb.ca\/fr\/systeme-de-classification-de-tiges\/","og_site_name":"Northern Hardwoods Research Institute","article_publisher":"https:\/\/www.facebook.com\/irfnnhri","article_modified_time":"2024-02-28T14:06:33+00:00","twitter_card":"summary_large_image","twitter_misc":{"Dur\u00e9e de lecture estim\u00e9e":"2 minutes"},"schema":{"@context":"https:\/\/schema.org","@graph":[{"@type":"WebPage","@id":"https:\/\/hardwoodsnb.ca\/fr\/systeme-de-classification-de-tiges\/","url":"https:\/\/hardwoodsnb.ca\/fr\/systeme-de-classification-de-tiges\/","name":"Syst\u00e8me de classification de tiges - Northern Hardwoods Research Institute","isPartOf":{"@id":"https:\/\/hardwoodsnb.ca\/fr\/#website"},"datePublished":"2023-05-05T22:38:40+00:00","dateModified":"2024-02-28T14:06:33+00:00","breadcrumb":{"@id":"https:\/\/hardwoodsnb.ca\/fr\/systeme-de-classification-de-tiges\/#breadcrumb"},"inLanguage":"fr-FR","potentialAction":[{"@type":"ReadAction","target":["https:\/\/hardwoodsnb.ca\/fr\/systeme-de-classification-de-tiges\/"]}]},{"@type":"BreadcrumbList","@id":"https:\/\/hardwoodsnb.ca\/fr\/systeme-de-classification-de-tiges\/#breadcrumb","itemListElement":[{"@type":"ListItem","position":1,"name":"Home","item":"https:\/\/hardwoodsnb.ca\/fr\/"},{"@type":"ListItem","position":2,"name":"Syst\u00e8me de classification de tiges"}]},{"@type":"WebSite","@id":"https:\/\/hardwoodsnb.ca\/fr\/#website","url":"https:\/\/hardwoodsnb.ca\/fr\/","name":"Northern Hardwoods Research Institute","description":"Harvest Knowledge | Promote Growth","publisher":{"@id":"https:\/\/hardwoodsnb.ca\/fr\/#organization"},"potentialAction":[{"@type":"SearchAction","target":{"@type":"EntryPoint","urlTemplate":"https:\/\/hardwoodsnb.ca\/fr\/?s={search_term_string}"},"query-input":{"@type":"PropertyValueSpecification","valueRequired":true,"valueName":"search_term_string"}}],"inLanguage":"fr-FR"},{"@type":"Organization","@id":"https:\/\/hardwoodsnb.ca\/fr\/#organization","name":"Northern Hardwoods Research Institute Inc. \/ Institut de recherche sur les feuillus nordiques","url":"https:\/\/hardwoodsnb.ca\/fr\/","logo":{"@type":"ImageObject","inLanguage":"fr-FR","@id":"https:\/\/hardwoodsnb.ca\/fr\/#\/schema\/logo\/image\/","url":"https:\/\/hardwoodsnb.ca\/wp-content\/uploads\/2023\/01\/logo-IRFN-NHRI.png","contentUrl":"https:\/\/hardwoodsnb.ca\/wp-content\/uploads\/2023\/01\/logo-IRFN-NHRI.png","width":400,"height":106,"caption":"Northern Hardwoods Research Institute Inc. \/ Institut de recherche sur les feuillus nordiques"},"image":{"@id":"https:\/\/hardwoodsnb.ca\/fr\/#\/schema\/logo\/image\/"},"sameAs":["https:\/\/www.facebook.com\/irfnnhri"]}]}},"_links":{"self":[{"href":"https:\/\/hardwoodsnb.ca\/fr\/wp-json\/wp\/v2\/pages\/4835","targetHints":{"allow":["GET"]}}],"collection":[{"href":"https:\/\/hardwoodsnb.ca\/fr\/wp-json\/wp\/v2\/pages"}],"about":[{"href":"https:\/\/hardwoodsnb.ca\/fr\/wp-json\/wp\/v2\/types\/page"}],"author":[{"embeddable":true,"href":"https:\/\/hardwoodsnb.ca\/fr\/wp-json\/wp\/v2\/users\/2"}],"replies":[{"embeddable":true,"href":"https:\/\/hardwoodsnb.ca\/fr\/wp-json\/wp\/v2\/comments?post=4835"}],"version-history":[{"count":3,"href":"https:\/\/hardwoodsnb.ca\/fr\/wp-json\/wp\/v2\/pages\/4835\/revisions"}],"predecessor-version":[{"id":7137,"href":"https:\/\/hardwoodsnb.ca\/fr\/wp-json\/wp\/v2\/pages\/4835\/revisions\/7137"}],"wp:attachment":[{"href":"https:\/\/hardwoodsnb.ca\/fr\/wp-json\/wp\/v2\/media?parent=4835"}],"wp:term":[{"taxonomy":"category","embeddable":true,"href":"https:\/\/hardwoodsnb.ca\/fr\/wp-json\/wp\/v2\/categories?post=4835"},{"taxonomy":"post_tag","embeddable":true,"href":"https:\/\/hardwoodsnb.ca\/fr\/wp-json\/wp\/v2\/tags?post=4835"}],"curies":[{"name":"wp","href":"https:\/\/api.w.org\/{rel}","templated":true}]}}