{"id":4832,"date":"2023-02-28T16:44:14","date_gmt":"2023-02-28T16:44:14","guid":{"rendered":"https:\/\/hardwoodsnb.ca\/videos-de-formation\/"},"modified":"2023-05-16T16:57:22","modified_gmt":"2023-05-16T16:57:22","slug":"videos-de-formation","status":"publish","type":"page","link":"https:\/\/hardwoodsnb.ca\/fr\/videos-de-formation\/","title":{"rendered":"Vid\u00e9os de formation"},"content":{"rendered":"<p>[et_pb_section fb_built=\u00a0\u00bb1&Prime; fullwidth=\u00a0\u00bbon\u00a0\u00bb _builder_version=\u00a0\u00bb4.19.4&Prime; global_colors_info=\u00a0\u00bb{}\u00a0\u00bb][et_pb_fullwidth_header title=\u00a0\u00bbACTIVIT\u00c9S CL\u00c9S\u00a0\u00bb subhead=\u00a0\u00bbVid\u00e9os de formation\u00a0\u00bb text_orientation=\u00a0\u00bbcenter\u00a0\u00bb module_id=\u00a0\u00bbinner-header\u00a0\u00bb _builder_version=\u00a0\u00bb4.20.0&Prime; title_font=\u00a0\u00bbMontserrat||||||||\u00a0\u00bb title_font_size=\u00a0\u00bb55px\u00a0\u00bb title_line_height=\u00a0\u00bb1.3&Prime; content_font=\u00a0\u00bb|300|||||||\u00a0\u00bb content_font_size=\u00a0\u00bb27px\u00a0\u00bb content_line_height=\u00a0\u00bb1.3&Prime; subhead_font=\u00a0\u00bb|600|||||||\u00a0\u00bb subhead_font_size=\u00a0\u00bb35px\u00a0\u00bb background_enable_color=\u00a0\u00bboff\u00a0\u00bb background_image=\u00a0\u00bbhttps:\/\/hardwoodsnb.ca\/wp-content\/uploads\/2023\/01\/trees-g3db7fe0ce_1920B.jpg\u00a0\u00bb parallax=\u00a0\u00bbon\u00a0\u00bb custom_button_one=\u00a0\u00bbon\u00a0\u00bb button_one_text_size=\u00a0\u00bb14&Prime; button_one_text_color=\u00a0\u00bb#ffffff\u00a0\u00bb button_one_bg_color=\u00a0\u00bb#dd5151&Prime; button_one_use_icon=\u00a0\u00bboff\u00a0\u00bb custom_button_two=\u00a0\u00bbon\u00a0\u00bb button_two_text_size=\u00a0\u00bb14&Prime; button_two_text_color=\u00a0\u00bb#dd5151&Prime; button_two_bg_color=\u00a0\u00bb#ffffff\u00a0\u00bb button_two_use_icon=\u00a0\u00bboff\u00a0\u00bb vertical_offset=\u00a0\u00bb0px\u00a0\u00bb horizontal_offset=\u00a0\u00bb0px\u00a0\u00bb custom_padding=\u00a0\u00bb0px||0px||false|false\u00a0\u00bb title_font_size_tablet=\u00a0\u00bb55px\u00a0\u00bb title_font_size_phone=\u00a0\u00bb45px\u00a0\u00bb title_font_size_last_edited=\u00a0\u00bbon|phone\u00a0\u00bb content_font_size_tablet=\u00a0\u00bb\u00a0\u00bb content_font_size_phone=\u00a0\u00bb20px\u00a0\u00bb content_font_size_last_edited=\u00a0\u00bbon|phone\u00a0\u00bb global_colors_info=\u00a0\u00bb{}\u00a0\u00bb button_one_text_size__hover_enabled=\u00a0\u00bboff\u00a0\u00bb button_two_text_size__hover_enabled=\u00a0\u00bboff\u00a0\u00bb button_one_text_color__hover_enabled=\u00a0\u00bboff\u00a0\u00bb button_two_text_color__hover_enabled=\u00a0\u00bboff\u00a0\u00bb button_one_border_width__hover_enabled=\u00a0\u00bboff\u00a0\u00bb button_two_border_width__hover_enabled=\u00a0\u00bboff\u00a0\u00bb button_one_border_color__hover_enabled=\u00a0\u00bboff\u00a0\u00bb button_two_border_color__hover_enabled=\u00a0\u00bboff\u00a0\u00bb button_one_border_radius__hover_enabled=\u00a0\u00bboff\u00a0\u00bb button_two_border_radius__hover_enabled=\u00a0\u00bboff\u00a0\u00bb button_one_letter_spacing__hover_enabled=\u00a0\u00bboff\u00a0\u00bb button_two_letter_spacing__hover_enabled=\u00a0\u00bboff\u00a0\u00bb button_one_bg_color__hover_enabled=\u00a0\u00bboff\u00a0\u00bb button_two_bg_color__hover_enabled=\u00a0\u00bboff\u00a0\u00bb][\/et_pb_fullwidth_header][\/et_pb_section][et_pb_section fb_built=\u00a0\u00bb1&Prime; _builder_version=\u00a0\u00bb4.19.4&Prime; _module_preset=\u00a0\u00bbdefault\u00a0\u00bb background_color=\u00a0\u00bb#e3e3ce\u00a0\u00bb global_colors_info=\u00a0\u00bb{}\u00a0\u00bb][et_pb_row use_custom_gutter=\u00a0\u00bbon\u00a0\u00bb gutter_width=\u00a0\u00bb1&Prime; _builder_version=\u00a0\u00bb4.20.0&Prime; _module_preset=\u00a0\u00bbdefault\u00a0\u00bb width=\u00a0\u00bb100%\u00a0\u00bb max_width=\u00a0\u00bb100%\u00a0\u00bb custom_margin=\u00a0\u00bb0px||0px||false|false\u00a0\u00bb custom_padding=\u00a0\u00bb0px||0px||false|false\u00a0\u00bb global_colors_info=\u00a0\u00bb{}\u00a0\u00bb][et_pb_column type=\u00a0\u00bb4_4&Prime; _builder_version=\u00a0\u00bb4.20.0&Prime; _module_preset=\u00a0\u00bbdefault\u00a0\u00bb global_colors_info=\u00a0\u00bb{}\u00a0\u00bb][et_pb_button button_url=\u00a0\u00bbhttps:\/\/hardwoodsnb.ca\/fr\/activites-cles\/#Tools\u00a0\u00bb button_text=\u00a0\u00bbRetour \u00e0 Outils de sylviculture\u00a0\u00bb _builder_version=\u00a0\u00bb4.20.0&Prime; _module_preset=\u00a0\u00bbdefault\u00a0\u00bb custom_button=\u00a0\u00bbon\u00a0\u00bb button_icon=\u00a0\u00bb&#x23;||divi||400&Prime; button_icon_placement=\u00a0\u00bbleft\u00a0\u00bb button_on_hover=\u00a0\u00bboff\u00a0\u00bb custom_margin=\u00a0\u00bb0px||0px||false|false\u00a0\u00bb custom_padding=\u00a0\u00bb0px||0px||false|false\u00a0\u00bb hover_enabled=\u00a0\u00bb0&Prime; global_colors_info=\u00a0\u00bb{}\u00a0\u00bb button_text_size=\u00a0\u00bb15px\u00a0\u00bb sticky_enabled=\u00a0\u00bb0&Prime;][\/et_pb_button][\/et_pb_column][\/et_pb_row][et_pb_row use_custom_gutter=\u00a0\u00bbon\u00a0\u00bb gutter_width=\u00a0\u00bb1&Prime; _builder_version=\u00a0\u00bb4.20.0&Prime; _module_preset=\u00a0\u00bbdefault\u00a0\u00bb width=\u00a0\u00bb100%\u00a0\u00bb max_width=\u00a0\u00bb100%\u00a0\u00bb locked=\u00a0\u00bboff\u00a0\u00bb global_colors_info=\u00a0\u00bb{}\u00a0\u00bb][et_pb_column type=\u00a0\u00bb4_4&Prime; _builder_version=\u00a0\u00bb4.20.0&Prime; _module_preset=\u00a0\u00bbdefault\u00a0\u00bb global_colors_info=\u00a0\u00bb{}\u00a0\u00bb][et_pb_text _builder_version=\u00a0\u00bb4.20.0&Prime; _module_preset=\u00a0\u00bbdefault\u00a0\u00bb custom_margin=\u00a0\u00bb|25px||25px|false|false\u00a0\u00bb global_colors_info=\u00a0\u00bb{}\u00a0\u00bb]<\/p>\n<p><span>Visitez la<\/span> <a href=\"https:\/\/www.youtube.com\/channel\/UCBpXcaWtbVXYC_0MG56U8kg\/videos\" target=\"_blank\" rel=\"noopener\"><b>cha\u00eene YouTube de l&rsquo;IRFN<\/b><\/a> <span>pour voir notre s\u00e9rie compl\u00e8te de vid\u00e9os sur diff\u00e9rents sujets !<\/span><\/p>\n<p>[\/et_pb_text][\/et_pb_column][\/et_pb_row][et_pb_row column_structure=\u00a0\u00bb1_3,1_3,1_3&Prime; _builder_version=\u00a0\u00bb4.20.0&Prime; _module_preset=\u00a0\u00bbdefault\u00a0\u00bb global_colors_info=\u00a0\u00bb{}\u00a0\u00bb][et_pb_column type=\u00a0\u00bb1_3&Prime; _builder_version=\u00a0\u00bb4.20.0&Prime; _module_preset=\u00a0\u00bbdefault\u00a0\u00bb global_colors_info=\u00a0\u00bb{}\u00a0\u00bb][et_pb_text _builder_version=\u00a0\u00bb4.20.0&Prime; _module_preset=\u00a0\u00bbdefault\u00a0\u00bb text_line_height=\u00a0\u00bb1.2em\u00a0\u00bb global_colors_info=\u00a0\u00bb{}\u00a0\u00bb]<\/p>\n<p style=\"text-align: center;\"><iframe loading=\"lazy\" width=\"350\" height=\"196\" src=\"https:\/\/www.youtube.com\/embed\/UGLCMm6OC0Q\" frameborder=\"0\" allowfullscreen=\"\"><\/iframe><br \/><span>Outil de l&rsquo;IRFN :<\/span><br \/><span>Stand Density Management Diagram (SDMD)<\/span><\/p>\n<p>[\/et_pb_text][\/et_pb_column][et_pb_column type=\u00a0\u00bb1_3&Prime; _builder_version=\u00a0\u00bb4.20.0&Prime; _module_preset=\u00a0\u00bbdefault\u00a0\u00bb global_colors_info=\u00a0\u00bb{}\u00a0\u00bb][\/et_pb_column][et_pb_column type=\u00a0\u00bb1_3&Prime; _builder_version=\u00a0\u00bb4.20.0&Prime; _module_preset=\u00a0\u00bbdefault\u00a0\u00bb global_colors_info=\u00a0\u00bb{}\u00a0\u00bb][\/et_pb_column][\/et_pb_row][\/et_pb_section]<\/p>\n","protected":false},"excerpt":{"rendered":"<p>Visitez la cha\u00eene YouTube de l&rsquo;IRFN pour voir notre s\u00e9rie compl\u00e8te de vid\u00e9os sur diff\u00e9rents sujets !Outil de l&rsquo;IRFN :Stand Density Management Diagram (SDMD)<\/p>\n","protected":false},"author":5,"featured_media":0,"parent":0,"menu_order":0,"comment_status":"closed","ping_status":"closed","template":"","meta":{"_et_pb_use_builder":"on","_et_pb_old_content":"","_et_gb_content_width":"","_monsterinsights_skip_tracking":false,"_monsterinsights_sitenote_active":false,"_monsterinsights_sitenote_note":"","_monsterinsights_sitenote_category":0,"footnotes":""},"categories":[48],"tags":[],"class_list":["post-4832","page","type-page","status-publish","hentry","category-activites-cles"],"yoast_head":"<!-- This site is optimized with the Yoast SEO Premium plugin v27.0 (Yoast SEO v27.3) - https:\/\/yoast.com\/product\/yoast-seo-premium-wordpress\/ -->\n<title>Vid\u00e9os de formation - Northern Hardwoods Research Institute<\/title>\n<meta name=\"robots\" content=\"index, follow, max-snippet:-1, max-image-preview:large, max-video-preview:-1\" \/>\n<link rel=\"canonical\" href=\"https:\/\/hardwoodsnb.ca\/fr\/videos-de-formation\/\" \/>\n<meta property=\"og:locale\" content=\"fr_FR\" \/>\n<meta property=\"og:type\" content=\"article\" \/>\n<meta property=\"og:title\" content=\"Vid\u00e9os de formation\" \/>\n<meta property=\"og:description\" content=\"Visitez la cha\u00eene YouTube de l&#039;IRFN pour voir notre s\u00e9rie compl\u00e8te de vid\u00e9os sur diff\u00e9rents sujets !Outil de l&#039;IRFN :Stand Density Management Diagram (SDMD)\" \/>\n<meta property=\"og:url\" content=\"https:\/\/hardwoodsnb.ca\/fr\/videos-de-formation\/\" \/>\n<meta property=\"og:site_name\" content=\"Northern Hardwoods Research Institute\" \/>\n<meta property=\"article:publisher\" content=\"https:\/\/www.facebook.com\/irfnnhri\" \/>\n<meta property=\"article:modified_time\" content=\"2023-05-16T16:57:22+00:00\" \/>\n<meta name=\"twitter:card\" content=\"summary_large_image\" \/>\n<meta name=\"twitter:label1\" content=\"Dur\u00e9e de lecture estim\u00e9e\" \/>\n\t<meta name=\"twitter:data1\" content=\"3 minutes\" \/>\n<script type=\"application\/ld+json\" class=\"yoast-schema-graph\">{\"@context\":\"https:\\\/\\\/schema.org\",\"@graph\":[{\"@type\":\"WebPage\",\"@id\":\"https:\\\/\\\/hardwoodsnb.ca\\\/fr\\\/videos-de-formation\\\/\",\"url\":\"https:\\\/\\\/hardwoodsnb.ca\\\/fr\\\/videos-de-formation\\\/\",\"name\":\"Vid\u00e9os de formation - Northern Hardwoods Research Institute\",\"isPartOf\":{\"@id\":\"https:\\\/\\\/hardwoodsnb.ca\\\/fr\\\/#website\"},\"datePublished\":\"2023-02-28T16:44:14+00:00\",\"dateModified\":\"2023-05-16T16:57:22+00:00\",\"breadcrumb\":{\"@id\":\"https:\\\/\\\/hardwoodsnb.ca\\\/fr\\\/videos-de-formation\\\/#breadcrumb\"},\"inLanguage\":\"fr-FR\",\"potentialAction\":[{\"@type\":\"ReadAction\",\"target\":[\"https:\\\/\\\/hardwoodsnb.ca\\\/fr\\\/videos-de-formation\\\/\"]}]},{\"@type\":\"BreadcrumbList\",\"@id\":\"https:\\\/\\\/hardwoodsnb.ca\\\/fr\\\/videos-de-formation\\\/#breadcrumb\",\"itemListElement\":[{\"@type\":\"ListItem\",\"position\":1,\"name\":\"Home\",\"item\":\"https:\\\/\\\/hardwoodsnb.ca\\\/fr\\\/\"},{\"@type\":\"ListItem\",\"position\":2,\"name\":\"Vid\u00e9os de formation\"}]},{\"@type\":\"WebSite\",\"@id\":\"https:\\\/\\\/hardwoodsnb.ca\\\/fr\\\/#website\",\"url\":\"https:\\\/\\\/hardwoodsnb.ca\\\/fr\\\/\",\"name\":\"Northern Hardwoods Research Institute\",\"description\":\"Harvest Knowledge | Promote Growth\",\"publisher\":{\"@id\":\"https:\\\/\\\/hardwoodsnb.ca\\\/fr\\\/#organization\"},\"potentialAction\":[{\"@type\":\"SearchAction\",\"target\":{\"@type\":\"EntryPoint\",\"urlTemplate\":\"https:\\\/\\\/hardwoodsnb.ca\\\/fr\\\/?s={search_term_string}\"},\"query-input\":{\"@type\":\"PropertyValueSpecification\",\"valueRequired\":true,\"valueName\":\"search_term_string\"}}],\"inLanguage\":\"fr-FR\"},{\"@type\":\"Organization\",\"@id\":\"https:\\\/\\\/hardwoodsnb.ca\\\/fr\\\/#organization\",\"name\":\"Northern Hardwoods Research Institute Inc. \\\/ Institut de recherche sur les feuillus nordiques\",\"url\":\"https:\\\/\\\/hardwoodsnb.ca\\\/fr\\\/\",\"logo\":{\"@type\":\"ImageObject\",\"inLanguage\":\"fr-FR\",\"@id\":\"https:\\\/\\\/hardwoodsnb.ca\\\/fr\\\/#\\\/schema\\\/logo\\\/image\\\/\",\"url\":\"https:\\\/\\\/hardwoodsnb.ca\\\/wp-content\\\/uploads\\\/2023\\\/01\\\/logo-IRFN-NHRI.png\",\"contentUrl\":\"https:\\\/\\\/hardwoodsnb.ca\\\/wp-content\\\/uploads\\\/2023\\\/01\\\/logo-IRFN-NHRI.png\",\"width\":400,\"height\":106,\"caption\":\"Northern Hardwoods Research Institute Inc. \\\/ Institut de recherche sur les feuillus nordiques\"},\"image\":{\"@id\":\"https:\\\/\\\/hardwoodsnb.ca\\\/fr\\\/#\\\/schema\\\/logo\\\/image\\\/\"},\"sameAs\":[\"https:\\\/\\\/www.facebook.com\\\/irfnnhri\"]}]}<\/script>\n<!-- \/ Yoast SEO Premium plugin. -->","yoast_head_json":{"title":"Vid\u00e9os de formation - Northern Hardwoods Research Institute","robots":{"index":"index","follow":"follow","max-snippet":"max-snippet:-1","max-image-preview":"max-image-preview:large","max-video-preview":"max-video-preview:-1"},"canonical":"https:\/\/hardwoodsnb.ca\/fr\/videos-de-formation\/","og_locale":"fr_FR","og_type":"article","og_title":"Vid\u00e9os de formation","og_description":"Visitez la cha\u00eene YouTube de l'IRFN pour voir notre s\u00e9rie compl\u00e8te de vid\u00e9os sur diff\u00e9rents sujets !Outil de l'IRFN :Stand Density Management Diagram (SDMD)","og_url":"https:\/\/hardwoodsnb.ca\/fr\/videos-de-formation\/","og_site_name":"Northern Hardwoods Research Institute","article_publisher":"https:\/\/www.facebook.com\/irfnnhri","article_modified_time":"2023-05-16T16:57:22+00:00","twitter_card":"summary_large_image","twitter_misc":{"Dur\u00e9e de lecture estim\u00e9e":"3 minutes"},"schema":{"@context":"https:\/\/schema.org","@graph":[{"@type":"WebPage","@id":"https:\/\/hardwoodsnb.ca\/fr\/videos-de-formation\/","url":"https:\/\/hardwoodsnb.ca\/fr\/videos-de-formation\/","name":"Vid\u00e9os de formation - Northern Hardwoods Research Institute","isPartOf":{"@id":"https:\/\/hardwoodsnb.ca\/fr\/#website"},"datePublished":"2023-02-28T16:44:14+00:00","dateModified":"2023-05-16T16:57:22+00:00","breadcrumb":{"@id":"https:\/\/hardwoodsnb.ca\/fr\/videos-de-formation\/#breadcrumb"},"inLanguage":"fr-FR","potentialAction":[{"@type":"ReadAction","target":["https:\/\/hardwoodsnb.ca\/fr\/videos-de-formation\/"]}]},{"@type":"BreadcrumbList","@id":"https:\/\/hardwoodsnb.ca\/fr\/videos-de-formation\/#breadcrumb","itemListElement":[{"@type":"ListItem","position":1,"name":"Home","item":"https:\/\/hardwoodsnb.ca\/fr\/"},{"@type":"ListItem","position":2,"name":"Vid\u00e9os de formation"}]},{"@type":"WebSite","@id":"https:\/\/hardwoodsnb.ca\/fr\/#website","url":"https:\/\/hardwoodsnb.ca\/fr\/","name":"Northern Hardwoods Research Institute","description":"Harvest Knowledge | Promote Growth","publisher":{"@id":"https:\/\/hardwoodsnb.ca\/fr\/#organization"},"potentialAction":[{"@type":"SearchAction","target":{"@type":"EntryPoint","urlTemplate":"https:\/\/hardwoodsnb.ca\/fr\/?s={search_term_string}"},"query-input":{"@type":"PropertyValueSpecification","valueRequired":true,"valueName":"search_term_string"}}],"inLanguage":"fr-FR"},{"@type":"Organization","@id":"https:\/\/hardwoodsnb.ca\/fr\/#organization","name":"Northern Hardwoods Research Institute Inc. \/ Institut de recherche sur les feuillus nordiques","url":"https:\/\/hardwoodsnb.ca\/fr\/","logo":{"@type":"ImageObject","inLanguage":"fr-FR","@id":"https:\/\/hardwoodsnb.ca\/fr\/#\/schema\/logo\/image\/","url":"https:\/\/hardwoodsnb.ca\/wp-content\/uploads\/2023\/01\/logo-IRFN-NHRI.png","contentUrl":"https:\/\/hardwoodsnb.ca\/wp-content\/uploads\/2023\/01\/logo-IRFN-NHRI.png","width":400,"height":106,"caption":"Northern Hardwoods Research Institute Inc. \/ Institut de recherche sur les feuillus nordiques"},"image":{"@id":"https:\/\/hardwoodsnb.ca\/fr\/#\/schema\/logo\/image\/"},"sameAs":["https:\/\/www.facebook.com\/irfnnhri"]}]}},"_links":{"self":[{"href":"https:\/\/hardwoodsnb.ca\/fr\/wp-json\/wp\/v2\/pages\/4832","targetHints":{"allow":["GET"]}}],"collection":[{"href":"https:\/\/hardwoodsnb.ca\/fr\/wp-json\/wp\/v2\/pages"}],"about":[{"href":"https:\/\/hardwoodsnb.ca\/fr\/wp-json\/wp\/v2\/types\/page"}],"author":[{"embeddable":true,"href":"https:\/\/hardwoodsnb.ca\/fr\/wp-json\/wp\/v2\/users\/5"}],"replies":[{"embeddable":true,"href":"https:\/\/hardwoodsnb.ca\/fr\/wp-json\/wp\/v2\/comments?post=4832"}],"version-history":[{"count":0,"href":"https:\/\/hardwoodsnb.ca\/fr\/wp-json\/wp\/v2\/pages\/4832\/revisions"}],"wp:attachment":[{"href":"https:\/\/hardwoodsnb.ca\/fr\/wp-json\/wp\/v2\/media?parent=4832"}],"wp:term":[{"taxonomy":"category","embeddable":true,"href":"https:\/\/hardwoodsnb.ca\/fr\/wp-json\/wp\/v2\/categories?post=4832"},{"taxonomy":"post_tag","embeddable":true,"href":"https:\/\/hardwoodsnb.ca\/fr\/wp-json\/wp\/v2\/tags?post=4832"}],"curies":[{"name":"wp","href":"https:\/\/api.w.org\/{rel}","templated":true}]}}