{"id":4825,"date":"2023-05-09T13:47:39","date_gmt":"2023-05-09T16:47:39","guid":{"rendered":"https:\/\/hardwoodsnb.ca\/notes-techniques\/"},"modified":"2023-05-16T19:54:03","modified_gmt":"2023-05-16T19:54:03","slug":"notes-techniques","status":"publish","type":"page","link":"https:\/\/hardwoodsnb.ca\/fr\/notes-techniques\/","title":{"rendered":"Notes techniques"},"content":{"rendered":"<p>[et_pb_section fb_built=\u00a0\u00bb1&Prime; fullwidth=\u00a0\u00bbon\u00a0\u00bb _builder_version=\u00a0\u00bb4.21.0&Prime; background_color=\u00a0\u00bb#314528&Prime; locked=\u00a0\u00bboff\u00a0\u00bb global_colors_info=\u00a0\u00bb{}\u00a0\u00bb][et_pb_fullwidth_header title=\u00a0\u00bbNotes techniques\u00a0\u00bb background_overlay_color=\u00a0\u00bbRGBA(255,255,255,0)\u00a0\u00bb module_id=\u00a0\u00bbinner-header\u00a0\u00bb _builder_version=\u00a0\u00bb4.21.0&Prime; title_level=\u00a0\u00bbh2&Prime; title_font=\u00a0\u00bbMontserrat|300|||||||\u00a0\u00bb title_font_size=\u00a0\u00bb50px\u00a0\u00bb background_enable_image=\u00a0\u00bboff\u00a0\u00bb custom_margin=\u00a0\u00bb0px||||false|false\u00a0\u00bb custom_padding=\u00a0\u00bb25px||0px||false|false\u00a0\u00bb global_colors_info=\u00a0\u00bb{}\u00a0\u00bb button_one_text_size__hover_enabled=\u00a0\u00bboff\u00a0\u00bb button_two_text_size__hover_enabled=\u00a0\u00bboff\u00a0\u00bb button_one_text_color__hover_enabled=\u00a0\u00bboff\u00a0\u00bb button_two_text_color__hover_enabled=\u00a0\u00bboff\u00a0\u00bb button_one_border_width__hover_enabled=\u00a0\u00bboff\u00a0\u00bb button_two_border_width__hover_enabled=\u00a0\u00bboff\u00a0\u00bb button_one_border_color__hover_enabled=\u00a0\u00bboff\u00a0\u00bb button_two_border_color__hover_enabled=\u00a0\u00bboff\u00a0\u00bb button_one_border_radius__hover_enabled=\u00a0\u00bboff\u00a0\u00bb button_two_border_radius__hover_enabled=\u00a0\u00bboff\u00a0\u00bb button_one_letter_spacing__hover_enabled=\u00a0\u00bboff\u00a0\u00bb button_two_letter_spacing__hover_enabled=\u00a0\u00bboff\u00a0\u00bb button_one_bg_color__hover_enabled=\u00a0\u00bboff\u00a0\u00bb button_two_bg_color__hover_enabled=\u00a0\u00bboff\u00a0\u00bb][\/et_pb_fullwidth_header][\/et_pb_section][et_pb_section fb_built=\u00a0\u00bb1&Prime; _builder_version=\u00a0\u00bb4.21.0&Prime; _module_preset=\u00a0\u00bbdefault\u00a0\u00bb global_colors_info=\u00a0\u00bb{}\u00a0\u00bb][et_pb_row _builder_version=\u00a0\u00bb4.21.0&Prime; _module_preset=\u00a0\u00bbdefault\u00a0\u00bb global_colors_info=\u00a0\u00bb{}\u00a0\u00bb][et_pb_column type=\u00a0\u00bb4_4&Prime; _builder_version=\u00a0\u00bb4.21.0&Prime; _module_preset=\u00a0\u00bbdefault\u00a0\u00bb global_colors_info=\u00a0\u00bb{}\u00a0\u00bb][et_pb_text _builder_version=\u00a0\u00bb4.21.0&Prime; _module_preset=\u00a0\u00bbdefault\u00a0\u00bb hover_enabled=\u00a0\u00bb0&Prime; global_colors_info=\u00a0\u00bb{}\u00a0\u00bb sticky_enabled=\u00a0\u00bb0&Prime;]Une s\u00e9rie de notes techniques est disponible pour pr\u00e9senter le travail de recherche effectu\u00e9 par l&rsquo;\u00e9quipe de recherche de l&rsquo;IRFN. Chaque note technique repr\u00e9sente une solution ou un outil qui peut \u00eatre mis en \u0153uvre dans vos activit\u00e9s de gestion foresti\u00e8re !<\/p>\n<h4>CARACT\u00c9RISATION DES RESSOURCES<\/h4>\n<ul>\n<li class=\"firstItem\"><a href=\"https:\/\/hardwoodsnb.ca\/wp-content\/uploads\/2023\/05\/1-2015_1_01-Prediction-Tool-for-Product-Basket-by-Using-Tree-Form-and-Risks-final.pdf\" target=\"_blank\" rel=\"noopener\">Increasing Sawlog Yields I: Prediction Tool for Product Basket by Using Tree Form and Risks<\/a><\/li>\n<li><a href=\"https:\/\/hardwoodsnb.ca\/wp-content\/uploads\/2023\/05\/2-2015_1_02-Reconsidering-Tree-Bucking-Practices-in-Hardwood-final-.pdf\" target=\"_blank\" rel=\"noopener\">Increasing Sawlog Yields II: Reconsidering Tree Bucking Practices in Hardwood for Effective Sawlog Recovery<\/a><\/li>\n<li><a href=\"https:\/\/hardwoodsnb.ca\/wp-content\/uploads\/2023\/05\/3-2015_1_03-Effects-of-Competition-on-Tree-Characteristics-and-Wood-Quality-of-SM-final.pdf\" target=\"_blank\" rel=\"noopener\">Effects of Competition on Tree Characteristics and Wood Quality of Sugar Maple<\/a><\/li>\n<li><a href=\"https:\/\/hardwoodsnb.ca\/wp-content\/uploads\/2023\/05\/4-2015_1_04-Effects-of-Juvenile-Suppression-on-Stem-Quality-Development-of-SM-and-YB-final.pdf\" target=\"_blank\" rel=\"noopener\">Effect of Juvenile Suppression on Stem Quality Development of Sugar Maple and Yellow Birch<\/a><\/li>\n<li><a href=\"https:\/\/hardwoodsnb.ca\/wp-content\/uploads\/2023\/05\/5-2015_1_05-Effects-of-Decay-and-Discolouration-on-Value-in-Tolerant-Hardwoods-final.pdf\" target=\"_blank\" rel=\"noopener\">Effects of Decay and Discolouration on Value in Tolerant Hardwoods<\/a><\/li>\n<li><a href=\"https:\/\/hardwoodsnb.ca\/wp-content\/uploads\/2023\/05\/6-2017_1_01-How-Risk-and-Form-Affect-Tree-Properties.pdf\" target=\"_blank\" rel=\"noopener\">How risk and form affect tree properties of northern tolerant hardwoods<\/a><\/li>\n<li><a href=\"https:\/\/hardwoodsnb.ca\/wp-content\/uploads\/2023\/05\/7-2018_1_01-Mainstream-grading-systems-for-boards-and-logs.pdf\" target=\"_blank\" rel=\"noopener\">Mainstream grading systems for boards and logs<\/a><\/li>\n<li><a href=\"https:\/\/hardwoodsnb.ca\/wp-content\/uploads\/2023\/05\/8-2018_1_02-Canopy-Cover-Estimation-in-Hardwood-Stands-from-Landsat.pdf\" target=\"_blank\" rel=\"noopener\">Canopy cover estimation in hardwood stands from Landsat imagery<\/a><\/li>\n<li><a href=\"https:\/\/hardwoodsnb.ca\/wp-content\/uploads\/2023\/05\/9-2019_1_01-Regeneration-Characterization-from-Remote-Sensing.pdf\" target=\"_blank\" rel=\"noopener\">Regeneration characterization from remote sensing<\/a><\/li>\n<li><a href=\"https:\/\/hardwoodsnb.ca\/wp-content\/uploads\/2023\/05\/10-2020_1_01-Predicting-quality-AGSUGS-at-the-stand-plot-and-tree-levels.pdf\" target=\"_blank\" rel=\"noopener\">Predicting quality (AGS-UGS) at the stand, plot and tree level<\/a><\/li>\n<li class=\"lastItem\"><a href=\"https:\/\/hardwoodsnb.ca\/wp-content\/uploads\/2023\/05\/11-2020_1_02-Preliminary-evaluation-gaps-NBDNR-generated-areial_LiDAR-based-forest-inventory.pdf\" target=\"_blank\" rel=\"noopener\">Preliminary evaluation gaps NBDNR-generated aerial LiDAR based forest inventory<\/a><\/li>\n<\/ul>\n<p>&nbsp;<\/p>\n<h4>MISE EN \u0152UVRE ET IMPACTS DE LA SYLVICULTURE<\/h4>\n<ul>\n<li class=\"firstItem\"><a href=\"https:\/\/hardwoodsnb.ca\/wp-content\/uploads\/2023\/05\/12-2015_2_01-Growth-Response-of-SM-and-YB-to-Partial-Harvesting-final.pdf\" target=\"_blank\" rel=\"noopener\">Growth Response of Sugar Maple and Yellow Birch to Partial Harvesting<\/a><\/li>\n<li><a href=\"https:\/\/hardwoodsnb.ca\/wp-content\/uploads\/2023\/05\/13-2015_2_02-Stand-Basal-Area-Canopy-Cover-Relationship-Northern-Tolerant-Hardwoods-fina.pdf\" target=\"_blank\" rel=\"noopener\">Stand Basal Area-Canopy Cover Relationship for Northern Tolerant Hardwoods<\/a><\/li>\n<li><a href=\"https:\/\/hardwoodsnb.ca\/wp-content\/uploads\/2023\/05\/14-2015_2_03-Reconstruction-of-Stand-Basal-Area-in-Northern-Tolerant-Hardwoods-final.pdf\" target=\"_blank\" rel=\"noopener\">Reconstruction of Stand Basal Area in Northern Tolerant hardwoods of Northwest New Brunswick<\/a><\/li>\n<li><a href=\"https:\/\/hardwoodsnb.ca\/wp-content\/uploads\/2023\/05\/15-2015_2_04-Role-of-Advance-Regeneration-on-Future-Stand-Development-final.pdf\" target=\"_blank\" rel=\"noopener\">Role of Advance Regeneration on Future Stand Development Along a Gradient of Time Since Harvest and Harvest Intensity<\/a><\/li>\n<li><a href=\"https:\/\/hardwoodsnb.ca\/wp-content\/uploads\/2023\/05\/16-2015_2_05-Reconstruction-of-Historical-Hardwoods-Stand-Structure-in-Northwestern-NB-final.pdf\" target=\"_blank\" rel=\"noopener\">Reconstruction of Historical Hardwoods Stand Structure in Northwestern New Brunswick<\/a><\/li>\n<li><a href=\"https:\/\/hardwoodsnb.ca\/wp-content\/uploads\/2023\/05\/17-2016_2_01-Factors-influencing-Mountain-Maple-Growth.pdf\" target=\"_blank\" rel=\"noopener\">Factors Influencing Mountain Maple Growth<\/a><\/li>\n<li><a href=\"https:\/\/hardwoodsnb.ca\/wp-content\/uploads\/2023\/05\/18-2016_2_02-Effects-of-Harvest-Intensity-and-Site-Quality-on-Sapling-final.pdf\" target=\"_blank\" rel=\"noopener\">Effects of Harvest Intensity and Site Quality on Sapling Recruitment and Dynamics in Hardwood Stands<\/a><\/li>\n<li><a href=\"https:\/\/hardwoodsnb.ca\/wp-content\/uploads\/2023\/05\/19-2017_2_01-An-investigation-of-YB-seedling-recruitment-in-Seed-tree-cut.pdf\" target=\"_blank\" rel=\"noopener\">An Investigation of Yellow Birch Seedling Recruitment in Seed-Tree Cut Treatment<\/a><\/li>\n<li><a href=\"https:\/\/hardwoodsnb.ca\/wp-content\/uploads\/2023\/05\/20-2017_2_02-Current-American-Beech-Stand-Archetypes-in-NB.pdf\" target=\"_blank\" rel=\"noopener\">Current American beech stand archetypes<\/a><\/li>\n<li><a href=\"https:\/\/hardwoodsnb.ca\/wp-content\/uploads\/2023\/05\/21-2017_2_03-Considering-Pre-Commercial-Thinning-in-Tolerant-Hardwood-Stands.pdf\" target=\"_blank\" rel=\"noopener\">Considering pre-commercial thinning in tolerant hardwood stands<\/a><\/li>\n<li><a href=\"https:\/\/hardwoodsnb.ca\/wp-content\/uploads\/2023\/05\/22-2017_2_04-Commercial-Thinning-to-Enhance-Quality-in-Tolerant-Hardwood-Stands.pdf\" target=\"_blank\" rel=\"noopener\">Commercial thinning to enhance quality in tolerant hardwood stands<\/a><\/li>\n<li><a href=\"https:\/\/hardwoodsnb.ca\/wp-content\/uploads\/2023\/05\/23-2017_2_05-Effect-of-CT-on-Species-Regeneration-in-Tolerant-Hardwood-Stands.pdf\" target=\"_blank\" rel=\"noopener\">Effects of commercial thinning on species regeneration in tolerant hardwood stands<\/a><\/li>\n<li><a href=\"https:\/\/hardwoodsnb.ca\/wp-content\/uploads\/2023\/05\/24-2017_2_06-Individual-tree-Diameter-Growth-for-Important-Hardwood.pdf\" target=\"_blank\" rel=\"noopener\">Individual-tree diameter growth for important hardwoods<\/a><\/li>\n<li><a href=\"https:\/\/hardwoodsnb.ca\/wp-content\/uploads\/2023\/05\/25-2017_2_07-Factors-Associated-to-Beech-Dominance-in-NB.pdf\" target=\"_blank\" rel=\"noopener\">Factors associated to beech dominance in New Brunswick<\/a><\/li>\n<li><a href=\"https:\/\/hardwoodsnb.ca\/wp-content\/uploads\/2023\/05\/26-2017_2_08-Stocking-Guide.pdf\" target=\"_blank\" rel=\"noopener\">Stocking Guide &#8211; A tool for managing young even-aged stands<\/a><\/li>\n<li><a href=\"https:\/\/hardwoodsnb.ca\/wp-content\/uploads\/2023\/05\/27-2017_2_09-Early-Regeneration-Response-to-Different-Silvicultural-Systems.pdf\" target=\"_blank\" rel=\"noopener\">Early regeneration response to different silvicultural systems<\/a><\/li>\n<li><a href=\"https:\/\/hardwoodsnb.ca\/wp-content\/uploads\/2023\/05\/28-2018_2_01-Sapling-Density-Target-for-even-aged-tolerant-hardwood-stands.pdf\" target=\"_blank\" rel=\"noopener\">Sapling density target for even-aged tolerant hardwood stands<\/a><\/li>\n<li><a href=\"https:\/\/hardwoodsnb.ca\/wp-content\/uploads\/2023\/05\/29-2018_2_02-What-Size-of-Tree-Should-We-Grow-for-Timber-Production.pdf\" target=\"_blank\" rel=\"noopener\">What size of tree should we grow for timber production<\/a><\/li>\n<li><a href=\"https:\/\/hardwoodsnb.ca\/wp-content\/uploads\/2023\/05\/30-2018_2_03-An-Ingrowth-Model-Developed-for-Partial-Harvesting-in-Northern-NB.pdf\" target=\"_blank\" rel=\"noopener\">An ingrowth model developed for partial harvesting in northern New Brunswick<\/a><\/li>\n<li><a href=\"https:\/\/hardwoodsnb.ca\/wp-content\/uploads\/2023\/05\/31-2018_2_04-Do-season-and-method-of-harvest-influence-regeneration.pdf\" target=\"_blank\" rel=\"noopener\">Do season and method of harvest influence regeneration<\/a><\/li>\n<li><a href=\"https:\/\/hardwoodsnb.ca\/wp-content\/uploads\/2023\/05\/32-2018_2_05-Predicting-stem-volume-for-important-hardwood-species-in-NB.pdf\" target=\"_blank\" rel=\"noopener\">Predicting stem volume for important hardwood species in New Brunswick<\/a><\/li>\n<li><a href=\"https:\/\/hardwoodsnb.ca\/wp-content\/uploads\/2023\/05\/33-2019_2_01-How-Well-OSM-Open-Stand-Model-can-Predict-Recruitement.pdf\" target=\"_blank\" rel=\"noopener\">How well OSM (Open Stand Model) can predict recruitment<\/a><\/li>\n<li><a href=\"https:\/\/hardwoodsnb.ca\/wp-content\/uploads\/2023\/05\/34-2020_2_02-Enhanced-Forest-Inventory-vs-Field-Inv-Preliminary-Comparison.pdf\" target=\"_blank\" rel=\"noopener\">Enhanced forest inventory vs field inventory &#8211; Preliminary comparison<\/a><\/li>\n<li><a href=\"https:\/\/hardwoodsnb.ca\/wp-content\/uploads\/2023\/05\/35-2020_2_03-What-Factors-Explain-Variations-in-Sapling-Density.pdf\" target=\"_blank\" rel=\"noopener\">What factors explain variations in sapling density or tolerant hardwoods<\/a><\/li>\n<li class=\"lastItem\"><a href=\"https:\/\/hardwoodsnb.ca\/wp-content\/uploads\/2023\/05\/36-2023_01-Commercial-Thinning-in-Young-Hardwood-Stands_Final.pdf\" target=\"_blank\" rel=\"noopener\">Can commercial thinning in young hardwood stands improve our resource: 17-year response to treatment in Northwestern New Brunswick<\/a><\/li>\n<\/ul>\n<p><a href=\"https:\/\/hardwoodsnb.ca\/wp-content\/uploads\/2023\/05\/36-2023_01-Commercial-Thinning-in-Young-Hardwood-Stands_Final.pdf\"> <\/a><\/p>\n<h4>R\u00c9COLTE ET OP\u00c9RATIONS<\/h4>\n<ul>\n<li class=\"firstItem\"><a href=\"https:\/\/hardwoodsnb.ca\/wp-content\/uploads\/2023\/05\/36-2014_3_01-Multi-Treatment-Planning-Tool-MTPT.pdf\" target=\"_blank\" rel=\"noopener\">Multi-Treatment Planning Tool (MTPT)<\/a><\/li>\n<li><a href=\"https:\/\/hardwoodsnb.ca\/wp-content\/uploads\/2023\/05\/37-2016_3_01-Developing-a-Methodology-to-Map-Trees-to-Harvest-final.pdf\" target=\"_blank\" rel=\"noopener\">Developing a Methodology to Map Trees to Harvest in Low Volume Stands<\/a><\/li>\n<li class=\"lastItem\"><a href=\"https:\/\/hardwoodsnb.ca\/wp-content\/uploads\/2023\/05\/38-2017_3_01-Harvesting-Costs-for-Different-Intensities-of-Thinning-in-Even-Aged-final.pdf\" target=\"_blank\" rel=\"noopener\">Harvesting Costs for Different Intensities of Thinning in Even-Aged Tolerant Hardwood Stands<\/a><\/li>\n<\/ul>\n<p>&nbsp;<\/p>\n<h4>APPROVISIONNEMENT EN BOIS, PLANIFICATION ET ANALYSE<\/h4>\n<ul>\n<li class=\"lastItem firstItem\"><a href=\"https:\/\/hardwoodsnb.ca\/wp-content\/uploads\/2023\/05\/39-2020_5_01-HW-Site-Potential-Indicator.pdf\" target=\"_blank\" rel=\"noopener\">Hardwood site potential indicator<\/a><\/li>\n<\/ul>\n<p>[\/et_pb_text][\/et_pb_column][\/et_pb_row][et_pb_row _builder_version=\u00a0\u00bb4.21.0&Prime; _module_preset=\u00a0\u00bbdefault\u00a0\u00bb global_colors_info=\u00a0\u00bb{}\u00a0\u00bb][et_pb_column type=\u00a0\u00bb4_4&Prime; _builder_version=\u00a0\u00bb4.21.0&Prime; _module_preset=\u00a0\u00bbdefault\u00a0\u00bb global_colors_info=\u00a0\u00bb{}\u00a0\u00bb][\/et_pb_column][\/et_pb_row][\/et_pb_section]<\/p>\n","protected":false},"excerpt":{"rendered":"<p>Une s\u00e9rie de notes techniques est disponible pour pr\u00e9senter le travail de recherche effectu\u00e9 par l&rsquo;\u00e9quipe de recherche de l&rsquo;IRFN. Chaque note technique repr\u00e9sente une solution ou un outil qui\u2026 <a href=\"https:\/\/hardwoodsnb.ca\/fr\/notes-techniques\/\">Read More &raquo;<\/a><\/p>\n","protected":false},"author":2,"featured_media":0,"parent":0,"menu_order":0,"comment_status":"closed","ping_status":"closed","template":"","meta":{"_et_pb_use_builder":"on","_et_pb_old_content":"","_et_gb_content_width":"","_monsterinsights_skip_tracking":false,"_monsterinsights_sitenote_active":false,"_monsterinsights_sitenote_note":"","_monsterinsights_sitenote_category":0,"footnotes":""},"categories":[],"tags":[],"class_list":["post-4825","page","type-page","status-publish","hentry"],"yoast_head":"<!-- This site is optimized with the Yoast SEO Premium plugin v27.0 (Yoast SEO v27.3) - https:\/\/yoast.com\/product\/yoast-seo-premium-wordpress\/ -->\n<title>Notes techniques - Northern Hardwoods Research Institute<\/title>\n<meta name=\"robots\" content=\"index, follow, max-snippet:-1, max-image-preview:large, max-video-preview:-1\" \/>\n<link rel=\"canonical\" href=\"https:\/\/hardwoodsnb.ca\/fr\/notes-techniques\/\" \/>\n<meta property=\"og:locale\" content=\"fr_FR\" \/>\n<meta property=\"og:type\" content=\"article\" \/>\n<meta property=\"og:title\" content=\"Notes techniques\" \/>\n<meta property=\"og:description\" content=\"Une s\u00e9rie de notes techniques est disponible pour pr\u00e9senter le travail de recherche effectu\u00e9 par l&#039;\u00e9quipe de recherche de l&#039;IRFN. Chaque note technique repr\u00e9sente une solution ou un outil qui\u2026 Read More &raquo;\" \/>\n<meta property=\"og:url\" content=\"https:\/\/hardwoodsnb.ca\/fr\/notes-techniques\/\" \/>\n<meta property=\"og:site_name\" content=\"Northern Hardwoods Research Institute\" \/>\n<meta property=\"article:publisher\" content=\"https:\/\/www.facebook.com\/irfnnhri\" \/>\n<meta property=\"article:modified_time\" content=\"2023-05-16T19:54:03+00:00\" \/>\n<meta name=\"twitter:card\" content=\"summary_large_image\" \/>\n<meta name=\"twitter:label1\" content=\"Dur\u00e9e de lecture estim\u00e9e\" \/>\n\t<meta name=\"twitter:data1\" content=\"4 minutes\" \/>\n<script type=\"application\/ld+json\" class=\"yoast-schema-graph\">{\"@context\":\"https:\\\/\\\/schema.org\",\"@graph\":[{\"@type\":\"WebPage\",\"@id\":\"https:\\\/\\\/hardwoodsnb.ca\\\/fr\\\/notes-techniques\\\/\",\"url\":\"https:\\\/\\\/hardwoodsnb.ca\\\/fr\\\/notes-techniques\\\/\",\"name\":\"Notes techniques - Northern Hardwoods Research Institute\",\"isPartOf\":{\"@id\":\"https:\\\/\\\/hardwoodsnb.ca\\\/fr\\\/#website\"},\"datePublished\":\"2023-05-09T16:47:39+00:00\",\"dateModified\":\"2023-05-16T19:54:03+00:00\",\"breadcrumb\":{\"@id\":\"https:\\\/\\\/hardwoodsnb.ca\\\/fr\\\/notes-techniques\\\/#breadcrumb\"},\"inLanguage\":\"fr-FR\",\"potentialAction\":[{\"@type\":\"ReadAction\",\"target\":[\"https:\\\/\\\/hardwoodsnb.ca\\\/fr\\\/notes-techniques\\\/\"]}]},{\"@type\":\"BreadcrumbList\",\"@id\":\"https:\\\/\\\/hardwoodsnb.ca\\\/fr\\\/notes-techniques\\\/#breadcrumb\",\"itemListElement\":[{\"@type\":\"ListItem\",\"position\":1,\"name\":\"Home\",\"item\":\"https:\\\/\\\/hardwoodsnb.ca\\\/fr\\\/\"},{\"@type\":\"ListItem\",\"position\":2,\"name\":\"Notes techniques\"}]},{\"@type\":\"WebSite\",\"@id\":\"https:\\\/\\\/hardwoodsnb.ca\\\/fr\\\/#website\",\"url\":\"https:\\\/\\\/hardwoodsnb.ca\\\/fr\\\/\",\"name\":\"Northern Hardwoods Research Institute\",\"description\":\"Harvest Knowledge | Promote Growth\",\"publisher\":{\"@id\":\"https:\\\/\\\/hardwoodsnb.ca\\\/fr\\\/#organization\"},\"potentialAction\":[{\"@type\":\"SearchAction\",\"target\":{\"@type\":\"EntryPoint\",\"urlTemplate\":\"https:\\\/\\\/hardwoodsnb.ca\\\/fr\\\/?s={search_term_string}\"},\"query-input\":{\"@type\":\"PropertyValueSpecification\",\"valueRequired\":true,\"valueName\":\"search_term_string\"}}],\"inLanguage\":\"fr-FR\"},{\"@type\":\"Organization\",\"@id\":\"https:\\\/\\\/hardwoodsnb.ca\\\/fr\\\/#organization\",\"name\":\"Northern Hardwoods Research Institute Inc. \\\/ Institut de recherche sur les feuillus nordiques\",\"url\":\"https:\\\/\\\/hardwoodsnb.ca\\\/fr\\\/\",\"logo\":{\"@type\":\"ImageObject\",\"inLanguage\":\"fr-FR\",\"@id\":\"https:\\\/\\\/hardwoodsnb.ca\\\/fr\\\/#\\\/schema\\\/logo\\\/image\\\/\",\"url\":\"https:\\\/\\\/hardwoodsnb.ca\\\/wp-content\\\/uploads\\\/2023\\\/01\\\/logo-IRFN-NHRI.png\",\"contentUrl\":\"https:\\\/\\\/hardwoodsnb.ca\\\/wp-content\\\/uploads\\\/2023\\\/01\\\/logo-IRFN-NHRI.png\",\"width\":400,\"height\":106,\"caption\":\"Northern Hardwoods Research Institute Inc. \\\/ Institut de recherche sur les feuillus nordiques\"},\"image\":{\"@id\":\"https:\\\/\\\/hardwoodsnb.ca\\\/fr\\\/#\\\/schema\\\/logo\\\/image\\\/\"},\"sameAs\":[\"https:\\\/\\\/www.facebook.com\\\/irfnnhri\"]}]}<\/script>\n<!-- \/ Yoast SEO Premium plugin. -->","yoast_head_json":{"title":"Notes techniques - Northern Hardwoods Research Institute","robots":{"index":"index","follow":"follow","max-snippet":"max-snippet:-1","max-image-preview":"max-image-preview:large","max-video-preview":"max-video-preview:-1"},"canonical":"https:\/\/hardwoodsnb.ca\/fr\/notes-techniques\/","og_locale":"fr_FR","og_type":"article","og_title":"Notes techniques","og_description":"Une s\u00e9rie de notes techniques est disponible pour pr\u00e9senter le travail de recherche effectu\u00e9 par l'\u00e9quipe de recherche de l'IRFN. Chaque note technique repr\u00e9sente une solution ou un outil qui\u2026 Read More &raquo;","og_url":"https:\/\/hardwoodsnb.ca\/fr\/notes-techniques\/","og_site_name":"Northern Hardwoods Research Institute","article_publisher":"https:\/\/www.facebook.com\/irfnnhri","article_modified_time":"2023-05-16T19:54:03+00:00","twitter_card":"summary_large_image","twitter_misc":{"Dur\u00e9e de lecture estim\u00e9e":"4 minutes"},"schema":{"@context":"https:\/\/schema.org","@graph":[{"@type":"WebPage","@id":"https:\/\/hardwoodsnb.ca\/fr\/notes-techniques\/","url":"https:\/\/hardwoodsnb.ca\/fr\/notes-techniques\/","name":"Notes techniques - Northern Hardwoods Research Institute","isPartOf":{"@id":"https:\/\/hardwoodsnb.ca\/fr\/#website"},"datePublished":"2023-05-09T16:47:39+00:00","dateModified":"2023-05-16T19:54:03+00:00","breadcrumb":{"@id":"https:\/\/hardwoodsnb.ca\/fr\/notes-techniques\/#breadcrumb"},"inLanguage":"fr-FR","potentialAction":[{"@type":"ReadAction","target":["https:\/\/hardwoodsnb.ca\/fr\/notes-techniques\/"]}]},{"@type":"BreadcrumbList","@id":"https:\/\/hardwoodsnb.ca\/fr\/notes-techniques\/#breadcrumb","itemListElement":[{"@type":"ListItem","position":1,"name":"Home","item":"https:\/\/hardwoodsnb.ca\/fr\/"},{"@type":"ListItem","position":2,"name":"Notes techniques"}]},{"@type":"WebSite","@id":"https:\/\/hardwoodsnb.ca\/fr\/#website","url":"https:\/\/hardwoodsnb.ca\/fr\/","name":"Northern Hardwoods Research Institute","description":"Harvest Knowledge | Promote Growth","publisher":{"@id":"https:\/\/hardwoodsnb.ca\/fr\/#organization"},"potentialAction":[{"@type":"SearchAction","target":{"@type":"EntryPoint","urlTemplate":"https:\/\/hardwoodsnb.ca\/fr\/?s={search_term_string}"},"query-input":{"@type":"PropertyValueSpecification","valueRequired":true,"valueName":"search_term_string"}}],"inLanguage":"fr-FR"},{"@type":"Organization","@id":"https:\/\/hardwoodsnb.ca\/fr\/#organization","name":"Northern Hardwoods Research Institute Inc. \/ Institut de recherche sur les feuillus nordiques","url":"https:\/\/hardwoodsnb.ca\/fr\/","logo":{"@type":"ImageObject","inLanguage":"fr-FR","@id":"https:\/\/hardwoodsnb.ca\/fr\/#\/schema\/logo\/image\/","url":"https:\/\/hardwoodsnb.ca\/wp-content\/uploads\/2023\/01\/logo-IRFN-NHRI.png","contentUrl":"https:\/\/hardwoodsnb.ca\/wp-content\/uploads\/2023\/01\/logo-IRFN-NHRI.png","width":400,"height":106,"caption":"Northern Hardwoods Research Institute Inc. \/ Institut de recherche sur les feuillus nordiques"},"image":{"@id":"https:\/\/hardwoodsnb.ca\/fr\/#\/schema\/logo\/image\/"},"sameAs":["https:\/\/www.facebook.com\/irfnnhri"]}]}},"_links":{"self":[{"href":"https:\/\/hardwoodsnb.ca\/fr\/wp-json\/wp\/v2\/pages\/4825","targetHints":{"allow":["GET"]}}],"collection":[{"href":"https:\/\/hardwoodsnb.ca\/fr\/wp-json\/wp\/v2\/pages"}],"about":[{"href":"https:\/\/hardwoodsnb.ca\/fr\/wp-json\/wp\/v2\/types\/page"}],"author":[{"embeddable":true,"href":"https:\/\/hardwoodsnb.ca\/fr\/wp-json\/wp\/v2\/users\/2"}],"replies":[{"embeddable":true,"href":"https:\/\/hardwoodsnb.ca\/fr\/wp-json\/wp\/v2\/comments?post=4825"}],"version-history":[{"count":0,"href":"https:\/\/hardwoodsnb.ca\/fr\/wp-json\/wp\/v2\/pages\/4825\/revisions"}],"wp:attachment":[{"href":"https:\/\/hardwoodsnb.ca\/fr\/wp-json\/wp\/v2\/media?parent=4825"}],"wp:term":[{"taxonomy":"category","embeddable":true,"href":"https:\/\/hardwoodsnb.ca\/fr\/wp-json\/wp\/v2\/categories?post=4825"},{"taxonomy":"post_tag","embeddable":true,"href":"https:\/\/hardwoodsnb.ca\/fr\/wp-json\/wp\/v2\/tags?post=4825"}],"curies":[{"name":"wp","href":"https:\/\/api.w.org\/{rel}","templated":true}]}}