{"id":4813,"date":"2023-05-10T18:24:25","date_gmt":"2023-05-10T21:24:25","guid":{"rendered":"https:\/\/hardwoodsnb.ca\/ressources\/"},"modified":"2024-11-21T15:19:56","modified_gmt":"2024-11-21T19:19:56","slug":"ressources","status":"publish","type":"page","link":"https:\/\/hardwoodsnb.ca\/fr\/ressources\/","title":{"rendered":"Ressources"},"content":{"rendered":"<p>[et_pb_section fb_built=\u00a0\u00bb1&Prime; admin_label=\u00a0\u00bbAbout Us Section\u00a0\u00bb _builder_version=\u00a0\u00bb4.20.4&Prime; background_color=\u00a0\u00bb#E9EBE9&Prime; background_image=\u00a0\u00bbhttps:\/\/hardwoodsnb.ca\/wp-content\/uploads\/2023\/04\/sub-banner-6.png\u00a0\u00bb background_size=\u00a0\u00bbcover\u00a0\u00bb background_position=\u00a0\u00bbtop_left\u00a0\u00bb background_horizontal_offset=\u00a0\u00bb26%\u00a0\u00bb background_vertical_offset=\u00a0\u00bb100%\u00a0\u00bb custom_margin=\u00a0\u00bb25px|5%||5%|false|false\u00a0\u00bb custom_margin_tablet=\u00a0\u00bb\u00a0\u00bb custom_margin_phone=\u00a0\u00bb|0px||0px\u00a0\u00bb custom_margin_last_edited=\u00a0\u00bbon|phone\u00a0\u00bb custom_padding=\u00a0\u00bb10%|||\u00a0\u00bb animation_style=\u00a0\u00bbzoom\u00a0\u00bb animation_direction=\u00a0\u00bbtop\u00a0\u00bb animation_intensity_zoom=\u00a0\u00bb5%\u00a0\u00bb box_shadow_style=\u00a0\u00bbpreset7&Prime; box_shadow_horizontal=\u00a0\u00bb0px\u00a0\u00bb box_shadow_vertical=\u00a0\u00bb-200px\u00a0\u00bb box_shadow_color=\u00a0\u00bb#ffffff\u00a0\u00bb locked=\u00a0\u00bboff\u00a0\u00bb global_colors_info=\u00a0\u00bb{}\u00a0\u00bb][et_pb_row admin_label=\u00a0\u00bbNotre \u00c9quipe\u00a0\u00bb _builder_version=\u00a0\u00bb4.20.4&Prime; background_size=\u00a0\u00bbinitial\u00a0\u00bb background_position=\u00a0\u00bbtop_left\u00a0\u00bb background_repeat=\u00a0\u00bbrepeat\u00a0\u00bb width=\u00a0\u00bb77%\u00a0\u00bb max_height=\u00a0\u00bb1000px\u00a0\u00bb custom_margin=\u00a0\u00bb0px||||false|false\u00a0\u00bb custom_padding=\u00a0\u00bb0px|0px|0px|0px|false|false\u00a0\u00bb global_colors_info=\u00a0\u00bb{}\u00a0\u00bb][et_pb_column type=\u00a0\u00bb4_4&Prime; _builder_version=\u00a0\u00bb4.20.4&Prime; custom_padding=\u00a0\u00bb|130px||0px|false|false\u00a0\u00bb global_colors_info=\u00a0\u00bb{}\u00a0\u00bb custom_padding__hover=\u00a0\u00bb|||\u00a0\u00bb][et_pb_text admin_label=\u00a0\u00bbTitle\u00a0\u00bb _builder_version=\u00a0\u00bb4.27.3&Prime; text_font=\u00a0\u00bbMontserrat||||||||\u00a0\u00bb text_text_color=\u00a0\u00bb#747d88&Prime; text_font_size=\u00a0\u00bb16px\u00a0\u00bb text_line_height=\u00a0\u00bb1.9em\u00a0\u00bb header_font=\u00a0\u00bb||||||||\u00a0\u00bb header_text_align=\u00a0\u00bbleft\u00a0\u00bb header_2_font=\u00a0\u00bbMontserrat|700||on|||||\u00a0\u00bb header_2_font_size=\u00a0\u00bb42px\u00a0\u00bb header_2_line_height=\u00a0\u00bb1.3em\u00a0\u00bb background_color=\u00a0\u00bb#f7f7f7&Prime; background_size=\u00a0\u00bbinitial\u00a0\u00bb background_position=\u00a0\u00bbtop_left\u00a0\u00bb background_repeat=\u00a0\u00bbrepeat\u00a0\u00bb max_width=\u00a0\u00bb1112px\u00a0\u00bb module_alignment=\u00a0\u00bbleft\u00a0\u00bb height=\u00a0\u00bb278px\u00a0\u00bb custom_margin=\u00a0\u00bb|0px||0px|false|false\u00a0\u00bb custom_padding=\u00a0\u00bb10%|8.8%|10%|7%|false|false\u00a0\u00bb animation_style=\u00a0\u00bbslide\u00a0\u00bb animation_direction=\u00a0\u00bbbottom\u00a0\u00bb animation_intensity_slide=\u00a0\u00bb4%\u00a0\u00bb animation_starting_opacity=\u00a0\u00bb100%\u00a0\u00bb hover_enabled=\u00a0\u00bb0&Prime; box_shadow_style=\u00a0\u00bbpreset1&Prime; box_shadow_vertical=\u00a0\u00bb15px\u00a0\u00bb box_shadow_blur=\u00a0\u00bb45px\u00a0\u00bb box_shadow_color=\u00a0\u00bbrgba(0,0,0,0.15)\u00a0\u00bb locked=\u00a0\u00bboff\u00a0\u00bb global_colors_info=\u00a0\u00bb{}\u00a0\u00bb sticky_enabled=\u00a0\u00bb0&Prime;]<\/p>\n<h1>Bo\u00eete \u00e0 outils des IRFN<\/h1>\n<p>Une collection compl\u00e8te d\u2019outils, de recherches et d\u2019informations cl\u00e9s, con\u00e7ue pour fournir des ressources indispensables \u00e0 tous ceux et celles qui s\u2019int\u00e9ressent \u00e0 la foresterie et \u00e0 la durabilit\u00e9 environnementale.<\/p>\n<p style=\"text-align: justify;\">[\/et_pb_text][\/et_pb_column][\/et_pb_row][\/et_pb_section][et_pb_section fb_built=\u00a0\u00bb1&Prime; _builder_version=\u00a0\u00bb4.20.4&Prime; _module_preset=\u00a0\u00bbdefault\u00a0\u00bb global_colors_info=\u00a0\u00bb{}\u00a0\u00bb][et_pb_row _builder_version=\u00a0\u00bb4.21.0&Prime; _module_preset=\u00a0\u00bbdefault\u00a0\u00bb global_colors_info=\u00a0\u00bb{}\u00a0\u00bb][et_pb_column type=\u00a0\u00bb4_4&Prime; _builder_version=\u00a0\u00bb4.21.0&Prime; _module_preset=\u00a0\u00bbdefault\u00a0\u00bb global_colors_info=\u00a0\u00bb{}\u00a0\u00bb][dpvfw_pdf_viewer_list_grid column=\u00a0\u00bbcol-3&Prime; _builder_version=\u00a0\u00bb4.24.3&Prime; _module_preset=\u00a0\u00bbdefault\u00a0\u00bb module_font=\u00a0\u00bb||||||||\u00a0\u00bb module_text_align=\u00a0\u00bbleft\u00a0\u00bb module_font_size=\u00a0\u00bb14px\u00a0\u00bb module_line_height=\u00a0\u00bb1em\u00a0\u00bb global_colors_info=\u00a0\u00bb{}\u00a0\u00bb][\/dpvfw_pdf_viewer_list_grid][\/et_pb_column][\/et_pb_row][et_pb_row use_custom_gutter=\u00a0\u00bbon\u00a0\u00bb gutter_width=\u00a0\u00bb1&Prime; make_equal=\u00a0\u00bbon\u00a0\u00bb _builder_version=\u00a0\u00bb4.20.4&Prime; _module_preset=\u00a0\u00bbdefault\u00a0\u00bb background_enable_image=\u00a0\u00bboff\u00a0\u00bb width=\u00a0\u00bb100%\u00a0\u00bb max_width=\u00a0\u00bb100%\u00a0\u00bb min_height=\u00a0\u00bb441.8px\u00a0\u00bb height=\u00a0\u00bb400px\u00a0\u00bb custom_padding=\u00a0\u00bb0px||0px||true|false\u00a0\u00bb global_colors_info=\u00a0\u00bb{}\u00a0\u00bb][et_pb_column type=\u00a0\u00bb4_4&Prime; _builder_version=\u00a0\u00bb4.20.4&Prime; _module_preset=\u00a0\u00bbdefault\u00a0\u00bb global_colors_info=\u00a0\u00bb{}\u00a0\u00bb][\/et_pb_column][\/et_pb_row][\/et_pb_section]<\/p>\n","protected":false},"excerpt":{"rendered":"<p>Bo\u00eete \u00e0 outils des IRFN Une collection compl\u00e8te d\u2019outils, de recherches et d\u2019informations cl\u00e9s, con\u00e7ue pour fournir des ressources indispensables \u00e0 tous ceux et celles qui s\u2019int\u00e9ressent \u00e0 la foresterie\u2026 <a href=\"https:\/\/hardwoodsnb.ca\/fr\/ressources\/\">Read More &raquo;<\/a><\/p>\n","protected":false},"author":2,"featured_media":0,"parent":0,"menu_order":0,"comment_status":"closed","ping_status":"closed","template":"","meta":{"_et_pb_use_builder":"on","_et_pb_old_content":"","_et_gb_content_width":"","_monsterinsights_skip_tracking":false,"_monsterinsights_sitenote_active":false,"_monsterinsights_sitenote_note":"","_monsterinsights_sitenote_category":0,"footnotes":""},"categories":[],"tags":[],"class_list":["post-4813","page","type-page","status-publish","hentry"],"yoast_head":"<!-- This site is optimized with the Yoast SEO Premium plugin v27.0 (Yoast SEO v27.4) - https:\/\/yoast.com\/product\/yoast-seo-premium-wordpress\/ -->\n<title>Ressources - Northern Hardwoods Research Institute<\/title>\n<meta name=\"robots\" content=\"index, follow, max-snippet:-1, max-image-preview:large, max-video-preview:-1\" \/>\n<link rel=\"canonical\" href=\"https:\/\/hardwoodsnb.ca\/fr\/ressources\/\" \/>\n<meta property=\"og:locale\" content=\"fr_FR\" \/>\n<meta property=\"og:type\" content=\"article\" \/>\n<meta property=\"og:title\" content=\"Ressources\" \/>\n<meta property=\"og:description\" content=\"Bo\u00eete \u00e0 outils des IRFN Une collection compl\u00e8te d\u2019outils, de recherches et d\u2019informations cl\u00e9s, con\u00e7ue pour fournir des ressources indispensables \u00e0 tous ceux et celles qui s\u2019int\u00e9ressent \u00e0 la foresterie\u2026 Read More &raquo;\" \/>\n<meta property=\"og:url\" content=\"https:\/\/hardwoodsnb.ca\/fr\/ressources\/\" \/>\n<meta property=\"og:site_name\" content=\"Northern Hardwoods Research Institute\" \/>\n<meta property=\"article:publisher\" content=\"https:\/\/www.facebook.com\/irfnnhri\" \/>\n<meta property=\"article:modified_time\" content=\"2024-11-21T19:19:56+00:00\" \/>\n<meta name=\"twitter:card\" content=\"summary_large_image\" \/>\n<meta name=\"twitter:label1\" content=\"Dur\u00e9e de lecture estim\u00e9e\" \/>\n\t<meta name=\"twitter:data1\" content=\"2 minutes\" \/>\n<script type=\"application\/ld+json\" class=\"yoast-schema-graph\">{\"@context\":\"https:\\\/\\\/schema.org\",\"@graph\":[{\"@type\":\"WebPage\",\"@id\":\"https:\\\/\\\/hardwoodsnb.ca\\\/fr\\\/ressources\\\/\",\"url\":\"https:\\\/\\\/hardwoodsnb.ca\\\/fr\\\/ressources\\\/\",\"name\":\"Ressources - Northern Hardwoods Research Institute\",\"isPartOf\":{\"@id\":\"https:\\\/\\\/hardwoodsnb.ca\\\/fr\\\/#website\"},\"datePublished\":\"2023-05-10T21:24:25+00:00\",\"dateModified\":\"2024-11-21T19:19:56+00:00\",\"breadcrumb\":{\"@id\":\"https:\\\/\\\/hardwoodsnb.ca\\\/fr\\\/ressources\\\/#breadcrumb\"},\"inLanguage\":\"fr-FR\",\"potentialAction\":[{\"@type\":\"ReadAction\",\"target\":[\"https:\\\/\\\/hardwoodsnb.ca\\\/fr\\\/ressources\\\/\"]}]},{\"@type\":\"BreadcrumbList\",\"@id\":\"https:\\\/\\\/hardwoodsnb.ca\\\/fr\\\/ressources\\\/#breadcrumb\",\"itemListElement\":[{\"@type\":\"ListItem\",\"position\":1,\"name\":\"Home\",\"item\":\"https:\\\/\\\/hardwoodsnb.ca\\\/fr\\\/\"},{\"@type\":\"ListItem\",\"position\":2,\"name\":\"Ressources\"}]},{\"@type\":\"WebSite\",\"@id\":\"https:\\\/\\\/hardwoodsnb.ca\\\/fr\\\/#website\",\"url\":\"https:\\\/\\\/hardwoodsnb.ca\\\/fr\\\/\",\"name\":\"Northern Hardwoods Research Institute\",\"description\":\"Harvest Knowledge | Promote Growth\",\"publisher\":{\"@id\":\"https:\\\/\\\/hardwoodsnb.ca\\\/fr\\\/#organization\"},\"potentialAction\":[{\"@type\":\"SearchAction\",\"target\":{\"@type\":\"EntryPoint\",\"urlTemplate\":\"https:\\\/\\\/hardwoodsnb.ca\\\/fr\\\/?s={search_term_string}\"},\"query-input\":{\"@type\":\"PropertyValueSpecification\",\"valueRequired\":true,\"valueName\":\"search_term_string\"}}],\"inLanguage\":\"fr-FR\"},{\"@type\":\"Organization\",\"@id\":\"https:\\\/\\\/hardwoodsnb.ca\\\/fr\\\/#organization\",\"name\":\"Northern Hardwoods Research Institute Inc. \\\/ Institut de recherche sur les feuillus nordiques\",\"url\":\"https:\\\/\\\/hardwoodsnb.ca\\\/fr\\\/\",\"logo\":{\"@type\":\"ImageObject\",\"inLanguage\":\"fr-FR\",\"@id\":\"https:\\\/\\\/hardwoodsnb.ca\\\/fr\\\/#\\\/schema\\\/logo\\\/image\\\/\",\"url\":\"https:\\\/\\\/hardwoodsnb.ca\\\/wp-content\\\/uploads\\\/2023\\\/01\\\/logo-IRFN-NHRI.png\",\"contentUrl\":\"https:\\\/\\\/hardwoodsnb.ca\\\/wp-content\\\/uploads\\\/2023\\\/01\\\/logo-IRFN-NHRI.png\",\"width\":400,\"height\":106,\"caption\":\"Northern Hardwoods Research Institute Inc. \\\/ Institut de recherche sur les feuillus nordiques\"},\"image\":{\"@id\":\"https:\\\/\\\/hardwoodsnb.ca\\\/fr\\\/#\\\/schema\\\/logo\\\/image\\\/\"},\"sameAs\":[\"https:\\\/\\\/www.facebook.com\\\/irfnnhri\"]}]}<\/script>\n<!-- \/ Yoast SEO Premium plugin. -->","yoast_head_json":{"title":"Ressources - Northern Hardwoods Research Institute","robots":{"index":"index","follow":"follow","max-snippet":"max-snippet:-1","max-image-preview":"max-image-preview:large","max-video-preview":"max-video-preview:-1"},"canonical":"https:\/\/hardwoodsnb.ca\/fr\/ressources\/","og_locale":"fr_FR","og_type":"article","og_title":"Ressources","og_description":"Bo\u00eete \u00e0 outils des IRFN Une collection compl\u00e8te d\u2019outils, de recherches et d\u2019informations cl\u00e9s, con\u00e7ue pour fournir des ressources indispensables \u00e0 tous ceux et celles qui s\u2019int\u00e9ressent \u00e0 la foresterie\u2026 Read More &raquo;","og_url":"https:\/\/hardwoodsnb.ca\/fr\/ressources\/","og_site_name":"Northern Hardwoods Research Institute","article_publisher":"https:\/\/www.facebook.com\/irfnnhri","article_modified_time":"2024-11-21T19:19:56+00:00","twitter_card":"summary_large_image","twitter_misc":{"Dur\u00e9e de lecture estim\u00e9e":"2 minutes"},"schema":{"@context":"https:\/\/schema.org","@graph":[{"@type":"WebPage","@id":"https:\/\/hardwoodsnb.ca\/fr\/ressources\/","url":"https:\/\/hardwoodsnb.ca\/fr\/ressources\/","name":"Ressources - Northern Hardwoods Research Institute","isPartOf":{"@id":"https:\/\/hardwoodsnb.ca\/fr\/#website"},"datePublished":"2023-05-10T21:24:25+00:00","dateModified":"2024-11-21T19:19:56+00:00","breadcrumb":{"@id":"https:\/\/hardwoodsnb.ca\/fr\/ressources\/#breadcrumb"},"inLanguage":"fr-FR","potentialAction":[{"@type":"ReadAction","target":["https:\/\/hardwoodsnb.ca\/fr\/ressources\/"]}]},{"@type":"BreadcrumbList","@id":"https:\/\/hardwoodsnb.ca\/fr\/ressources\/#breadcrumb","itemListElement":[{"@type":"ListItem","position":1,"name":"Home","item":"https:\/\/hardwoodsnb.ca\/fr\/"},{"@type":"ListItem","position":2,"name":"Ressources"}]},{"@type":"WebSite","@id":"https:\/\/hardwoodsnb.ca\/fr\/#website","url":"https:\/\/hardwoodsnb.ca\/fr\/","name":"Northern Hardwoods Research Institute","description":"Harvest Knowledge | Promote Growth","publisher":{"@id":"https:\/\/hardwoodsnb.ca\/fr\/#organization"},"potentialAction":[{"@type":"SearchAction","target":{"@type":"EntryPoint","urlTemplate":"https:\/\/hardwoodsnb.ca\/fr\/?s={search_term_string}"},"query-input":{"@type":"PropertyValueSpecification","valueRequired":true,"valueName":"search_term_string"}}],"inLanguage":"fr-FR"},{"@type":"Organization","@id":"https:\/\/hardwoodsnb.ca\/fr\/#organization","name":"Northern Hardwoods Research Institute Inc. \/ Institut de recherche sur les feuillus nordiques","url":"https:\/\/hardwoodsnb.ca\/fr\/","logo":{"@type":"ImageObject","inLanguage":"fr-FR","@id":"https:\/\/hardwoodsnb.ca\/fr\/#\/schema\/logo\/image\/","url":"https:\/\/hardwoodsnb.ca\/wp-content\/uploads\/2023\/01\/logo-IRFN-NHRI.png","contentUrl":"https:\/\/hardwoodsnb.ca\/wp-content\/uploads\/2023\/01\/logo-IRFN-NHRI.png","width":400,"height":106,"caption":"Northern Hardwoods Research Institute Inc. \/ Institut de recherche sur les feuillus nordiques"},"image":{"@id":"https:\/\/hardwoodsnb.ca\/fr\/#\/schema\/logo\/image\/"},"sameAs":["https:\/\/www.facebook.com\/irfnnhri"]}]}},"_links":{"self":[{"href":"https:\/\/hardwoodsnb.ca\/fr\/wp-json\/wp\/v2\/pages\/4813","targetHints":{"allow":["GET"]}}],"collection":[{"href":"https:\/\/hardwoodsnb.ca\/fr\/wp-json\/wp\/v2\/pages"}],"about":[{"href":"https:\/\/hardwoodsnb.ca\/fr\/wp-json\/wp\/v2\/types\/page"}],"author":[{"embeddable":true,"href":"https:\/\/hardwoodsnb.ca\/fr\/wp-json\/wp\/v2\/users\/2"}],"replies":[{"embeddable":true,"href":"https:\/\/hardwoodsnb.ca\/fr\/wp-json\/wp\/v2\/comments?post=4813"}],"version-history":[{"count":3,"href":"https:\/\/hardwoodsnb.ca\/fr\/wp-json\/wp\/v2\/pages\/4813\/revisions"}],"predecessor-version":[{"id":7893,"href":"https:\/\/hardwoodsnb.ca\/fr\/wp-json\/wp\/v2\/pages\/4813\/revisions\/7893"}],"wp:attachment":[{"href":"https:\/\/hardwoodsnb.ca\/fr\/wp-json\/wp\/v2\/media?parent=4813"}],"wp:term":[{"taxonomy":"category","embeddable":true,"href":"https:\/\/hardwoodsnb.ca\/fr\/wp-json\/wp\/v2\/categories?post=4813"},{"taxonomy":"post_tag","embeddable":true,"href":"https:\/\/hardwoodsnb.ca\/fr\/wp-json\/wp\/v2\/tags?post=4813"}],"curies":[{"name":"wp","href":"https:\/\/api.w.org\/{rel}","templated":true}]}}