{"id":4781,"date":"2023-05-03T18:52:41","date_gmt":"2023-05-03T18:52:41","guid":{"rendered":"https:\/\/hardwoodsnb.ca\/sylviculture-adaptative-dans-un-climat-changeant\/"},"modified":"2023-05-25T13:35:24","modified_gmt":"2023-05-25T13:35:24","slug":"sylviculture-adaptative-dans-un-climat-changeant","status":"publish","type":"page","link":"https:\/\/hardwoodsnb.ca\/fr\/sylviculture-adaptative-dans-un-climat-changeant\/","title":{"rendered":"SYLVICULTURE ADAPTATIVE DANS UN CLIMAT CHANGEANT"},"content":{"rendered":"<p>[et_pb_section fb_built=\u00a0\u00bb1&Prime; admin_label=\u00a0\u00bbAbout Us Section\u00a0\u00bb _builder_version=\u00a0\u00bb4.20.4&Prime; background_color=\u00a0\u00bb#E9EBE9&Prime; background_image=\u00a0\u00bbhttps:\/\/hardwoodsnb.ca\/wp-content\/uploads\/2023\/04\/sub-banner-6.png\u00a0\u00bb background_size=\u00a0\u00bbcover\u00a0\u00bb background_position=\u00a0\u00bbtop_left\u00a0\u00bb background_horizontal_offset=\u00a0\u00bb26%\u00a0\u00bb background_vertical_offset=\u00a0\u00bb100%\u00a0\u00bb custom_margin=\u00a0\u00bb25px|5%||5%|false|false\u00a0\u00bb custom_margin_tablet=\u00a0\u00bb\u00a0\u00bb custom_margin_phone=\u00a0\u00bb|0px||0px\u00a0\u00bb custom_margin_last_edited=\u00a0\u00bbon|phone\u00a0\u00bb custom_padding=\u00a0\u00bb10%|||\u00a0\u00bb animation_style=\u00a0\u00bbzoom\u00a0\u00bb animation_direction=\u00a0\u00bbtop\u00a0\u00bb animation_intensity_zoom=\u00a0\u00bb5%\u00a0\u00bb box_shadow_style=\u00a0\u00bbpreset7&Prime; box_shadow_horizontal=\u00a0\u00bb0px\u00a0\u00bb box_shadow_vertical=\u00a0\u00bb-200px\u00a0\u00bb box_shadow_color=\u00a0\u00bb#ffffff\u00a0\u00bb locked=\u00a0\u00bboff\u00a0\u00bb global_colors_info=\u00a0\u00bb{}\u00a0\u00bb][et_pb_row admin_label=\u00a0\u00bbNotre \u00c9quipe\u00a0\u00bb _builder_version=\u00a0\u00bb4.20.4&Prime; background_size=\u00a0\u00bbinitial\u00a0\u00bb background_position=\u00a0\u00bbtop_left\u00a0\u00bb background_repeat=\u00a0\u00bbrepeat\u00a0\u00bb width=\u00a0\u00bb77%\u00a0\u00bb max_height=\u00a0\u00bb1000px\u00a0\u00bb custom_margin=\u00a0\u00bb0px||||false|false\u00a0\u00bb custom_padding=\u00a0\u00bb0px|0px|0px|0px|false|false\u00a0\u00bb global_colors_info=\u00a0\u00bb{}\u00a0\u00bb][et_pb_column type=\u00a0\u00bb4_4&Prime; _builder_version=\u00a0\u00bb4.20.4&Prime; custom_padding=\u00a0\u00bb|130px||0px|false|false\u00a0\u00bb global_colors_info=\u00a0\u00bb{}\u00a0\u00bb custom_padding__hover=\u00a0\u00bb|||\u00a0\u00bb][et_pb_text admin_label=\u00a0\u00bbTitle\u00a0\u00bb _builder_version=\u00a0\u00bb4.21.0&Prime; text_font=\u00a0\u00bbMontserrat||||||||\u00a0\u00bb text_text_color=\u00a0\u00bb#747d88&Prime; text_font_size=\u00a0\u00bb16px\u00a0\u00bb text_line_height=\u00a0\u00bb1.9em\u00a0\u00bb header_font=\u00a0\u00bb||||||||\u00a0\u00bb header_text_align=\u00a0\u00bbleft\u00a0\u00bb header_2_font=\u00a0\u00bbMontserrat|700||on|||||\u00a0\u00bb header_2_font_size=\u00a0\u00bb42px\u00a0\u00bb header_2_line_height=\u00a0\u00bb1.3em\u00a0\u00bb background_color=\u00a0\u00bb#f7f7f7&Prime; background_size=\u00a0\u00bbinitial\u00a0\u00bb background_position=\u00a0\u00bbtop_left\u00a0\u00bb background_repeat=\u00a0\u00bbrepeat\u00a0\u00bb max_width=\u00a0\u00bb1112px\u00a0\u00bb module_alignment=\u00a0\u00bbleft\u00a0\u00bb height=\u00a0\u00bb347px\u00a0\u00bb custom_margin=\u00a0\u00bb|0px|0px|0px|false|false\u00a0\u00bb custom_padding=\u00a0\u00bb10%|8.8%|10%|7%|false|false\u00a0\u00bb animation_style=\u00a0\u00bbslide\u00a0\u00bb animation_direction=\u00a0\u00bbbottom\u00a0\u00bb animation_intensity_slide=\u00a0\u00bb4%\u00a0\u00bb animation_starting_opacity=\u00a0\u00bb100%\u00a0\u00bb hover_enabled=\u00a0\u00bb0&Prime; box_shadow_style=\u00a0\u00bbpreset1&Prime; box_shadow_vertical=\u00a0\u00bb15px\u00a0\u00bb box_shadow_blur=\u00a0\u00bb45px\u00a0\u00bb box_shadow_color=\u00a0\u00bbrgba(0,0,0,0.15)\u00a0\u00bb locked=\u00a0\u00bboff\u00a0\u00bb global_colors_info=\u00a0\u00bb{}\u00a0\u00bb sticky_enabled=\u00a0\u00bb0&Prime;]<\/p>\n<h1>La sylviculture adaptative dans un climat changeant<\/h1>\n<p style=\"text-align: justify;\">Mener la transformation num\u00e9rique du secteur forestier pour commencer \u00e0 exploiter la puissance des technologies qui s&rsquo;am\u00e9liorent rapidement.<\/p>\n<p style=\"text-align: justify;\">[\/et_pb_text][\/et_pb_column][\/et_pb_row][\/et_pb_section][et_pb_section fb_built=\u00a0\u00bb1&Prime; _builder_version=\u00a0\u00bb4.20.4&Prime; _module_preset=\u00a0\u00bbdefault\u00a0\u00bb global_colors_info=\u00a0\u00bb{}\u00a0\u00bb][et_pb_row _builder_version=\u00a0\u00bb4.20.4&Prime; _module_preset=\u00a0\u00bbdefault\u00a0\u00bb global_colors_info=\u00a0\u00bb{}\u00a0\u00bb][et_pb_column type=\u00a0\u00bb4_4&Prime; _builder_version=\u00a0\u00bb4.20.4&Prime; _module_preset=\u00a0\u00bbdefault\u00a0\u00bb global_colors_info=\u00a0\u00bb{}\u00a0\u00bb][et_pb_text _builder_version=\u00a0\u00bb4.21.0&Prime; _module_preset=\u00a0\u00bbdefault\u00a0\u00bb global_colors_info=\u00a0\u00bb{}\u00a0\u00bb]<\/p>\n<h4><strong>Co\u00fbts et avantages de l&rsquo;adaptation aux changements induits par le climat dans les r\u00e9gimes de s\u00e9cheresse et de vent dans les for\u00eats du Nouveau-Brunswick<\/strong><\/h4>\n<p><strong><\/strong><\/p>\n<p><strong><\/strong><\/p>\n<p><strong>But :<\/strong><\/p>\n<p style=\"text-align: justify;\">Le changement climatique devrait avoir des r\u00e9percussions importantes sur les r\u00e9gimes de s\u00e9cheresse et de vent dans les for\u00eats du Canada atlantique. Cela peut conduire au d\u00e9clin ou \u00e0 la disparition d&rsquo;esp\u00e8ces importantes, entra\u00eenant des co\u00fbts socio-\u00e9conomiques significatifs dans le secteur forestier. L&rsquo;adaptation \u00e0 ces changements peut contribuer \u00e0 prot\u00e9ger contre les pertes et potentiellement g\u00e9n\u00e9rer des b\u00e9n\u00e9fices gr\u00e2ce \u00e0 des produits et services du bois nouveaux ou am\u00e9lior\u00e9s. Pour que ces opportunit\u00e9s se concr\u00e9tisent, il faut toutefois que le secteur forestier et les communaut\u00e9s aient la volont\u00e9 d&rsquo;int\u00e9grer cette adaptation dans leur planification.<\/p>\n<p><strong><br \/>Objectifs du projet :<span> <\/span><\/strong><\/p>\n<ol>\n<li>\u00c9valuer les co\u00fbts socio-\u00e9conomiques des changements induits par le climat dans les r\u00e9gimes de s\u00e9cheresse et de vent dans les for\u00eats du Nouveau-Brunswick ;<\/li>\n<li>\u00c9valuer les co\u00fbts et les avantages socio-\u00e9conomiques de l&rsquo;adaptation \u00e0 ces changements ; et<\/li>\n<li>Transmettre les connaissances tir\u00e9es de cette recherche au secteur forestier et aux communaut\u00e9s tributaires de la for\u00eat\/des Premi\u00e8res nations.<\/li>\n<\/ol>\n<p><strong><span><br \/>Membres de l&rsquo;\u00e9quipe de projet :<\/span><\/strong><\/p>\n<ul>\n<li><span><\/span><span>Van Lantz, doyen et professeur, Facult\u00e9 de foresterie et de gestion de l&rsquo;environnement, Universit\u00e9 du Nouveau-Brunswick (UNB)<\/span><\/li>\n<li><span><\/span><span>Gaetan Pelletier, directeur ex\u00e9cutif, l\u2019Institut de recherche sur les feuillus nordiques<\/span><\/li>\n<li><span><\/span><span>Chris Hennigar, FORUS Research, Fredericton, NB<\/span><\/li>\n<li><span><\/span><span>Charles Bourque, Professeur, Facult\u00e9 de foresterie et de gestion de l&rsquo;environnement, UNB<\/span><\/li>\n<li><span><\/span><span>Tom Beckley, Professeur, Facult\u00e9 de foresterie et de gestion de l&rsquo;environnement, UNB<\/span><\/li>\n<li><span><\/span><span>Louise Comeau, Associ\u00e9e de recherche honoraire, Facult\u00e9 de foresterie et de gestion de l&rsquo;environnement, UNB<\/span><\/li>\n<\/ul>\n<p><span> <\/span><\/p>\n<p><strong><span>Financement :<\/span><\/strong><\/p>\n<ul>\n<li><span><\/span><span>Programme d&rsquo;adaptation au changement climatique de Ressources naturelles Canada<\/span><\/li>\n<\/ul>\n<p><span> <\/span><\/p>\n<p><strong>Pour en savoir plus sur ce sujet :<\/strong><\/p>\n<ul>\n<li><span><\/span>Visitez <a href=\"https:\/\/csrno.ca\/climat\/ecodistricts\/\" target=\"_blank\" rel=\"noopener\">cette page<\/a> web interactive pour visualiser les impacts du changement climatique dans notre r\u00e9gion.<\/li>\n<li><span><\/span><span><a href=\"https:\/\/hardwoodsnb.ca\/images\/Silviculture\/Guide%20book%20Adaptive%20silviculture%20final.pdf\" target=\"_blank\" rel=\"noopener\">Guides sur la vuln\u00e9rabilit\u00e9 des for\u00eats du NB et sur les m\u00e9thodes de sylviculture adaptative<\/a><\/span><\/li>\n<li><span><\/span><span>Cours vid\u00e9o sur la sylviculture adaptative<\/span><\/li>\n<li><span><\/span><span>Documentaire vid\u00e9o qui a \u00e9t\u00e9 s\u00e9lectionn\u00e9 officiellement et projet\u00e9 au Silver Wave film festival \u00e0 Fredericton en novembre 2019 : <a href=\"https:\/\/www.youtube.com\/watch?v=m162K3cJkA4\" target=\"_blank\" rel=\"noopener\">Our Forest at Risk.<\/a> <\/span><\/li>\n<li><span><\/span><span>Un article destin\u00e9 aux propri\u00e9taires de bois\u00e9s et aux professionnels de la sylviculture a \u00e9t\u00e9 publi\u00e9 dans le magazine Atlantic Forestry Review : <a href=\"http:\/\/www.rurallife.ca\/the-time-for-adaptive-management-has-come?fbclid=IwAR1upsSMDENHEcimaQ1nRVRxo5PlVK_v4orz84SEQzrXYZqUGrcIcE0ZevA\" target=\"_blank\" rel=\"noopener\">Le temps de la gestion adaptative est venu<\/a> <\/span><\/li>\n<li><span><\/span><span><a href=\"https:\/\/hardwoodsnb.ca\/images\/Silviculture\/Climate%20change%20adaptation%20in%20NB%20forest-dependent%20communities-Surveys-Potluri_21.pdf\" target=\"_blank\" rel=\"noopener\">Adaptation au changement climatique dans les communaut\u00e9s d\u00e9pendantes des for\u00eats. 2021.<\/a><\/span><\/li>\n<li><span><\/span><span><a href=\"https:\/\/hardwoodsnb.ca\/images\/Silviculture\/Climate%20change%20adaptation%20in%20NB%20forest-dependent%20communities-Interviews-Zahan_21.pdf\" target=\"_blank\" rel=\"noopener\">Capacit\u00e9 de la communaut\u00e9 \u00e0 prendre en compte les changements climatiques dans les r\u00e9gimes de s\u00e9cheresse et de vent dans les for\u00eats du Nouveau-Brunswick. 2021<\/a><\/span><\/li>\n<li><span><\/span><span><a href=\"https:\/\/hardwoodsnb.ca\/images\/Silviculture\/Economic%20impacts%20of%20climate%20change%20and%20adaptation%20in%20NB%20forests-Lantz_21.pdf\" target=\"_blank\" rel=\"noopener\">Succession foresti\u00e8re, plantations et \u00e9conomie dans un contexte de changement climatique : couplage des mod\u00e8les Woodstock et CGE pour \u00e9valuer les impacts et les options d&rsquo;adaptation au Nouveau-Brunswick, Canada. 15 mars 2021.<\/a><\/span><\/li>\n<li><span><\/span><span><a href=\"\/\/hardwoodsnb.ca\/images\/Silviculture\/NHRI-Financial-Calculator.xlsx\" target=\"_blank\" rel=\"noopener\">Calculateur de sc\u00e9narios sylvicoles<\/a><\/span><\/li>\n<\/ul>\n<p>&nbsp;<\/p>\n<p><strong>Pour voir ou participer \u00e0 des ateliers\/conf\u00e9rences\/sessions de formation :<\/strong><\/p>\n<ul>\n<li><span><\/span><span>Atlantic Teacher&rsquo;s tour<\/span> &#8211; <span>pr\u00e9sentation aux enseignants de l&rsquo;adaptation au changement climatique dans nos for\u00eats en ao\u00fbt 2022<\/span><\/li>\n<li><span><\/span><span><a href=\"https:\/\/nbwoodlotowners.ca\/building-capacity-of-nb-woodlot-owners-to-adapt-to-climate-change\" target=\"_blank\" rel=\"noopener\">Atelier sur la sylviculture adaptative<\/a>, organis\u00e9 \u00e0 l&rsquo;intention des propri\u00e9taires de bois\u00e9s <sup>le<\/sup> 29 janvier 2020.<\/span><\/li>\n<li><span><\/span><span>Cours complet sur la sylviculture adaptative dans le contexte d&rsquo;un changement climatique, offert comme cours \u00e0 option (FORS3033), dans le cadre du baccalaur\u00e9at en am\u00e9nagement forestier de l&rsquo;Universit\u00e9 de Moncton.<\/span><\/li>\n<li><span><\/span><span>Un cours de formation multim\u00e9dia est propos\u00e9 \u00e0 l&rsquo;UNB, \u00e0 l&rsquo;UMoncton et \u00e0 l&rsquo;UMaine \u00e0 Fort Kent<\/span><\/li>\n<li><span><\/span><span>Webinar, presented in February of 2021 to forest practitioners<\/span> <a href=\"https:\/\/woodlandownerconference.webex.com\/recordingservice\/sites\/woodlandownerconference\/recording\/7b54d0f866cd469db59252727f96da21\/playback\" target=\"_blank\" rel=\"noopener\"><span>: Cisco Webex Meetings &#8211; Replay Recorded Meeting<\/span><\/a><span> <\/span><\/li>\n<li><span><\/span><span>L&rsquo;UNB et l&rsquo;INDH accueilleront conjointement une grande conf\u00e9rence internationale en ao\u00fbt 2022 et la sylviculture adaptative sera un \u00e9l\u00e9ment important du programme. Plus de 300 participants sont attendus \u00e0 Fredericton, au Nouveau-Brunswick. L&rsquo;annonce se trouve dans les derni\u00e8res pages du bulletin d&rsquo;information de l&rsquo;IRFN du printemps 2021 : <\/span><a href=\"https:\/\/hardwoodsnb.ca\/Documents\/Newsletter\/Spring2021\/TheLeaflet-Spring-2021.pdf\" target=\"_blank\" rel=\"noopener\"><span>LeFeuillet-Printemps-2021.pdf (hardwoodsnb.ca)<\/span><\/a><\/li>\n<\/ul>\n<p>[\/et_pb_text][\/et_pb_column][\/et_pb_row][et_pb_row use_custom_gutter=\u00a0\u00bbon\u00a0\u00bb gutter_width=\u00a0\u00bb1&Prime; make_equal=\u00a0\u00bbon\u00a0\u00bb _builder_version=\u00a0\u00bb4.20.4&Prime; _module_preset=\u00a0\u00bbdefault\u00a0\u00bb background_enable_image=\u00a0\u00bboff\u00a0\u00bb width=\u00a0\u00bb100%\u00a0\u00bb max_width=\u00a0\u00bb100%\u00a0\u00bb min_height=\u00a0\u00bb441.8px\u00a0\u00bb height=\u00a0\u00bb400px\u00a0\u00bb custom_padding=\u00a0\u00bb0px||0px||true|false\u00a0\u00bb global_colors_info=\u00a0\u00bb{}\u00a0\u00bb][et_pb_column type=\u00a0\u00bb4_4&Prime; _builder_version=\u00a0\u00bb4.20.4&Prime; _module_preset=\u00a0\u00bbdefault\u00a0\u00bb global_colors_info=\u00a0\u00bb{}\u00a0\u00bb][\/et_pb_column][\/et_pb_row][\/et_pb_section]<\/p>\n","protected":false},"excerpt":{"rendered":"<p>La sylviculture adaptative dans un climat changeant Mener la transformation num\u00e9rique du secteur forestier pour commencer \u00e0 exploiter la puissance des technologies qui s&rsquo;am\u00e9liorent rapidement. Co\u00fbts et avantages de l&rsquo;adaptation\u2026 <a href=\"https:\/\/hardwoodsnb.ca\/fr\/sylviculture-adaptative-dans-un-climat-changeant\/\">Read More &raquo;<\/a><\/p>\n","protected":false},"author":2,"featured_media":0,"parent":0,"menu_order":0,"comment_status":"closed","ping_status":"closed","template":"","meta":{"_et_pb_use_builder":"on","_et_pb_old_content":"","_et_gb_content_width":"","_monsterinsights_skip_tracking":false,"_monsterinsights_sitenote_active":false,"_monsterinsights_sitenote_note":"","_monsterinsights_sitenote_category":0,"footnotes":""},"categories":[2],"tags":[],"class_list":["post-4781","page","type-page","status-publish","hentry","category-non-classifiee"],"yoast_head":"<!-- This site is optimized with the Yoast SEO Premium plugin v27.0 (Yoast SEO v27.3) - https:\/\/yoast.com\/product\/yoast-seo-premium-wordpress\/ -->\n<title>SYLVICULTURE ADAPTATIVE DANS UN CLIMAT CHANGEANT - Northern Hardwoods Research Institute<\/title>\n<meta name=\"robots\" content=\"index, follow, max-snippet:-1, max-image-preview:large, max-video-preview:-1\" \/>\n<link rel=\"canonical\" href=\"https:\/\/hardwoodsnb.ca\/fr\/sylviculture-adaptative-dans-un-climat-changeant\/\" \/>\n<meta property=\"og:locale\" content=\"fr_FR\" \/>\n<meta property=\"og:type\" content=\"article\" \/>\n<meta property=\"og:title\" content=\"SYLVICULTURE ADAPTATIVE DANS UN CLIMAT CHANGEANT\" \/>\n<meta property=\"og:description\" content=\"La sylviculture adaptative dans un climat changeant Mener la transformation num\u00e9rique du secteur forestier pour commencer \u00e0 exploiter la puissance des technologies qui s&#039;am\u00e9liorent rapidement. Co\u00fbts et avantages de l&#039;adaptation\u2026 Read More &raquo;\" \/>\n<meta property=\"og:url\" content=\"https:\/\/hardwoodsnb.ca\/fr\/sylviculture-adaptative-dans-un-climat-changeant\/\" \/>\n<meta property=\"og:site_name\" content=\"Northern Hardwoods Research Institute\" \/>\n<meta property=\"article:publisher\" content=\"https:\/\/www.facebook.com\/irfnnhri\" \/>\n<meta property=\"article:modified_time\" content=\"2023-05-25T13:35:24+00:00\" \/>\n<meta name=\"twitter:card\" content=\"summary_large_image\" \/>\n<meta name=\"twitter:label1\" content=\"Dur\u00e9e de lecture estim\u00e9e\" \/>\n\t<meta name=\"twitter:data1\" content=\"5 minutes\" \/>\n<script type=\"application\/ld+json\" class=\"yoast-schema-graph\">{\"@context\":\"https:\\\/\\\/schema.org\",\"@graph\":[{\"@type\":\"WebPage\",\"@id\":\"https:\\\/\\\/hardwoodsnb.ca\\\/fr\\\/sylviculture-adaptative-dans-un-climat-changeant\\\/\",\"url\":\"https:\\\/\\\/hardwoodsnb.ca\\\/fr\\\/sylviculture-adaptative-dans-un-climat-changeant\\\/\",\"name\":\"SYLVICULTURE ADAPTATIVE DANS UN CLIMAT CHANGEANT - Northern Hardwoods Research Institute\",\"isPartOf\":{\"@id\":\"https:\\\/\\\/hardwoodsnb.ca\\\/fr\\\/#website\"},\"datePublished\":\"2023-05-03T18:52:41+00:00\",\"dateModified\":\"2023-05-25T13:35:24+00:00\",\"breadcrumb\":{\"@id\":\"https:\\\/\\\/hardwoodsnb.ca\\\/fr\\\/sylviculture-adaptative-dans-un-climat-changeant\\\/#breadcrumb\"},\"inLanguage\":\"fr-FR\",\"potentialAction\":[{\"@type\":\"ReadAction\",\"target\":[\"https:\\\/\\\/hardwoodsnb.ca\\\/fr\\\/sylviculture-adaptative-dans-un-climat-changeant\\\/\"]}]},{\"@type\":\"BreadcrumbList\",\"@id\":\"https:\\\/\\\/hardwoodsnb.ca\\\/fr\\\/sylviculture-adaptative-dans-un-climat-changeant\\\/#breadcrumb\",\"itemListElement\":[{\"@type\":\"ListItem\",\"position\":1,\"name\":\"Home\",\"item\":\"https:\\\/\\\/hardwoodsnb.ca\\\/fr\\\/\"},{\"@type\":\"ListItem\",\"position\":2,\"name\":\"SYLVICULTURE ADAPTATIVE DANS UN CLIMAT CHANGEANT\"}]},{\"@type\":\"WebSite\",\"@id\":\"https:\\\/\\\/hardwoodsnb.ca\\\/fr\\\/#website\",\"url\":\"https:\\\/\\\/hardwoodsnb.ca\\\/fr\\\/\",\"name\":\"Northern Hardwoods Research Institute\",\"description\":\"Harvest Knowledge | Promote Growth\",\"publisher\":{\"@id\":\"https:\\\/\\\/hardwoodsnb.ca\\\/fr\\\/#organization\"},\"potentialAction\":[{\"@type\":\"SearchAction\",\"target\":{\"@type\":\"EntryPoint\",\"urlTemplate\":\"https:\\\/\\\/hardwoodsnb.ca\\\/fr\\\/?s={search_term_string}\"},\"query-input\":{\"@type\":\"PropertyValueSpecification\",\"valueRequired\":true,\"valueName\":\"search_term_string\"}}],\"inLanguage\":\"fr-FR\"},{\"@type\":\"Organization\",\"@id\":\"https:\\\/\\\/hardwoodsnb.ca\\\/fr\\\/#organization\",\"name\":\"Northern Hardwoods Research Institute Inc. \\\/ Institut de recherche sur les feuillus nordiques\",\"url\":\"https:\\\/\\\/hardwoodsnb.ca\\\/fr\\\/\",\"logo\":{\"@type\":\"ImageObject\",\"inLanguage\":\"fr-FR\",\"@id\":\"https:\\\/\\\/hardwoodsnb.ca\\\/fr\\\/#\\\/schema\\\/logo\\\/image\\\/\",\"url\":\"https:\\\/\\\/hardwoodsnb.ca\\\/wp-content\\\/uploads\\\/2023\\\/01\\\/logo-IRFN-NHRI.png\",\"contentUrl\":\"https:\\\/\\\/hardwoodsnb.ca\\\/wp-content\\\/uploads\\\/2023\\\/01\\\/logo-IRFN-NHRI.png\",\"width\":400,\"height\":106,\"caption\":\"Northern Hardwoods Research Institute Inc. \\\/ Institut de recherche sur les feuillus nordiques\"},\"image\":{\"@id\":\"https:\\\/\\\/hardwoodsnb.ca\\\/fr\\\/#\\\/schema\\\/logo\\\/image\\\/\"},\"sameAs\":[\"https:\\\/\\\/www.facebook.com\\\/irfnnhri\"]}]}<\/script>\n<!-- \/ Yoast SEO Premium plugin. -->","yoast_head_json":{"title":"SYLVICULTURE ADAPTATIVE DANS UN CLIMAT CHANGEANT - Northern Hardwoods Research Institute","robots":{"index":"index","follow":"follow","max-snippet":"max-snippet:-1","max-image-preview":"max-image-preview:large","max-video-preview":"max-video-preview:-1"},"canonical":"https:\/\/hardwoodsnb.ca\/fr\/sylviculture-adaptative-dans-un-climat-changeant\/","og_locale":"fr_FR","og_type":"article","og_title":"SYLVICULTURE ADAPTATIVE DANS UN CLIMAT CHANGEANT","og_description":"La sylviculture adaptative dans un climat changeant Mener la transformation num\u00e9rique du secteur forestier pour commencer \u00e0 exploiter la puissance des technologies qui s'am\u00e9liorent rapidement. Co\u00fbts et avantages de l'adaptation\u2026 Read More &raquo;","og_url":"https:\/\/hardwoodsnb.ca\/fr\/sylviculture-adaptative-dans-un-climat-changeant\/","og_site_name":"Northern Hardwoods Research Institute","article_publisher":"https:\/\/www.facebook.com\/irfnnhri","article_modified_time":"2023-05-25T13:35:24+00:00","twitter_card":"summary_large_image","twitter_misc":{"Dur\u00e9e de lecture estim\u00e9e":"5 minutes"},"schema":{"@context":"https:\/\/schema.org","@graph":[{"@type":"WebPage","@id":"https:\/\/hardwoodsnb.ca\/fr\/sylviculture-adaptative-dans-un-climat-changeant\/","url":"https:\/\/hardwoodsnb.ca\/fr\/sylviculture-adaptative-dans-un-climat-changeant\/","name":"SYLVICULTURE ADAPTATIVE DANS UN CLIMAT CHANGEANT - Northern Hardwoods Research Institute","isPartOf":{"@id":"https:\/\/hardwoodsnb.ca\/fr\/#website"},"datePublished":"2023-05-03T18:52:41+00:00","dateModified":"2023-05-25T13:35:24+00:00","breadcrumb":{"@id":"https:\/\/hardwoodsnb.ca\/fr\/sylviculture-adaptative-dans-un-climat-changeant\/#breadcrumb"},"inLanguage":"fr-FR","potentialAction":[{"@type":"ReadAction","target":["https:\/\/hardwoodsnb.ca\/fr\/sylviculture-adaptative-dans-un-climat-changeant\/"]}]},{"@type":"BreadcrumbList","@id":"https:\/\/hardwoodsnb.ca\/fr\/sylviculture-adaptative-dans-un-climat-changeant\/#breadcrumb","itemListElement":[{"@type":"ListItem","position":1,"name":"Home","item":"https:\/\/hardwoodsnb.ca\/fr\/"},{"@type":"ListItem","position":2,"name":"SYLVICULTURE ADAPTATIVE DANS UN CLIMAT CHANGEANT"}]},{"@type":"WebSite","@id":"https:\/\/hardwoodsnb.ca\/fr\/#website","url":"https:\/\/hardwoodsnb.ca\/fr\/","name":"Northern Hardwoods Research Institute","description":"Harvest Knowledge | Promote Growth","publisher":{"@id":"https:\/\/hardwoodsnb.ca\/fr\/#organization"},"potentialAction":[{"@type":"SearchAction","target":{"@type":"EntryPoint","urlTemplate":"https:\/\/hardwoodsnb.ca\/fr\/?s={search_term_string}"},"query-input":{"@type":"PropertyValueSpecification","valueRequired":true,"valueName":"search_term_string"}}],"inLanguage":"fr-FR"},{"@type":"Organization","@id":"https:\/\/hardwoodsnb.ca\/fr\/#organization","name":"Northern Hardwoods Research Institute Inc. \/ Institut de recherche sur les feuillus nordiques","url":"https:\/\/hardwoodsnb.ca\/fr\/","logo":{"@type":"ImageObject","inLanguage":"fr-FR","@id":"https:\/\/hardwoodsnb.ca\/fr\/#\/schema\/logo\/image\/","url":"https:\/\/hardwoodsnb.ca\/wp-content\/uploads\/2023\/01\/logo-IRFN-NHRI.png","contentUrl":"https:\/\/hardwoodsnb.ca\/wp-content\/uploads\/2023\/01\/logo-IRFN-NHRI.png","width":400,"height":106,"caption":"Northern Hardwoods Research Institute Inc. \/ Institut de recherche sur les feuillus nordiques"},"image":{"@id":"https:\/\/hardwoodsnb.ca\/fr\/#\/schema\/logo\/image\/"},"sameAs":["https:\/\/www.facebook.com\/irfnnhri"]}]}},"_links":{"self":[{"href":"https:\/\/hardwoodsnb.ca\/fr\/wp-json\/wp\/v2\/pages\/4781","targetHints":{"allow":["GET"]}}],"collection":[{"href":"https:\/\/hardwoodsnb.ca\/fr\/wp-json\/wp\/v2\/pages"}],"about":[{"href":"https:\/\/hardwoodsnb.ca\/fr\/wp-json\/wp\/v2\/types\/page"}],"author":[{"embeddable":true,"href":"https:\/\/hardwoodsnb.ca\/fr\/wp-json\/wp\/v2\/users\/2"}],"replies":[{"embeddable":true,"href":"https:\/\/hardwoodsnb.ca\/fr\/wp-json\/wp\/v2\/comments?post=4781"}],"version-history":[{"count":0,"href":"https:\/\/hardwoodsnb.ca\/fr\/wp-json\/wp\/v2\/pages\/4781\/revisions"}],"wp:attachment":[{"href":"https:\/\/hardwoodsnb.ca\/fr\/wp-json\/wp\/v2\/media?parent=4781"}],"wp:term":[{"taxonomy":"category","embeddable":true,"href":"https:\/\/hardwoodsnb.ca\/fr\/wp-json\/wp\/v2\/categories?post=4781"},{"taxonomy":"post_tag","embeddable":true,"href":"https:\/\/hardwoodsnb.ca\/fr\/wp-json\/wp\/v2\/tags?post=4781"}],"curies":[{"name":"wp","href":"https:\/\/api.w.org\/{rel}","templated":true}]}}