{"id":4778,"date":"2023-05-10T15:45:05","date_gmt":"2023-05-10T15:45:05","guid":{"rendered":"https:\/\/hardwoodsnb.ca\/outils-additionnels\/"},"modified":"2023-05-16T13:39:54","modified_gmt":"2023-05-16T13:39:54","slug":"outils-additionnels","status":"publish","type":"page","link":"https:\/\/hardwoodsnb.ca\/fr\/outils-additionnels\/","title":{"rendered":"Outils additionnels"},"content":{"rendered":"<p>[et_pb_section fb_built=\u00a0\u00bb1&Prime; fullwidth=\u00a0\u00bbon\u00a0\u00bb _builder_version=\u00a0\u00bb4.21.0&Prime; background_color=\u00a0\u00bb#314528&Prime; locked=\u00a0\u00bboff\u00a0\u00bb global_colors_info=\u00a0\u00bb{}\u00a0\u00bb][et_pb_fullwidth_header title=\u00a0\u00bbOutils additionnels\u00a0\u00bb background_overlay_color=\u00a0\u00bbRGBA(255,255,255,0)\u00a0\u00bb module_id=\u00a0\u00bbinner-header\u00a0\u00bb _builder_version=\u00a0\u00bb4.21.0&Prime; title_level=\u00a0\u00bbh2&Prime; title_font=\u00a0\u00bbMontserrat|300|||||||\u00a0\u00bb title_font_size=\u00a0\u00bb50px\u00a0\u00bb background_enable_image=\u00a0\u00bboff\u00a0\u00bb custom_margin=\u00a0\u00bb0px||||false|false\u00a0\u00bb custom_padding=\u00a0\u00bb25px||0px||false|false\u00a0\u00bb global_colors_info=\u00a0\u00bb{}\u00a0\u00bb button_one_text_size__hover_enabled=\u00a0\u00bboff\u00a0\u00bb button_two_text_size__hover_enabled=\u00a0\u00bboff\u00a0\u00bb button_one_text_color__hover_enabled=\u00a0\u00bboff\u00a0\u00bb button_two_text_color__hover_enabled=\u00a0\u00bboff\u00a0\u00bb button_one_border_width__hover_enabled=\u00a0\u00bboff\u00a0\u00bb button_two_border_width__hover_enabled=\u00a0\u00bboff\u00a0\u00bb button_one_border_color__hover_enabled=\u00a0\u00bboff\u00a0\u00bb button_two_border_color__hover_enabled=\u00a0\u00bboff\u00a0\u00bb button_one_border_radius__hover_enabled=\u00a0\u00bboff\u00a0\u00bb button_two_border_radius__hover_enabled=\u00a0\u00bboff\u00a0\u00bb button_one_letter_spacing__hover_enabled=\u00a0\u00bboff\u00a0\u00bb button_two_letter_spacing__hover_enabled=\u00a0\u00bboff\u00a0\u00bb button_one_bg_color__hover_enabled=\u00a0\u00bboff\u00a0\u00bb button_two_bg_color__hover_enabled=\u00a0\u00bboff\u00a0\u00bb][\/et_pb_fullwidth_header][\/et_pb_section][et_pb_section fb_built=\u00a0\u00bb1&Prime; _builder_version=\u00a0\u00bb4.21.0&Prime; _module_preset=\u00a0\u00bbdefault\u00a0\u00bb global_colors_info=\u00a0\u00bb{}\u00a0\u00bb][et_pb_row _builder_version=\u00a0\u00bb4.21.0&Prime; _module_preset=\u00a0\u00bbdefault\u00a0\u00bb column_structure=\u00a0\u00bb1_2,1_2&Prime;][et_pb_column _builder_version=\u00a0\u00bb4.21.0&Prime; _module_preset=\u00a0\u00bbdefault\u00a0\u00bb type=\u00a0\u00bb1_2&Prime;][et_pb_text _builder_version=\u00a0\u00bb4.21.0&Prime; _module_preset=\u00a0\u00bbdefault\u00a0\u00bb hover_enabled=\u00a0\u00bb0&Prime; sticky_enabled=\u00a0\u00bb0&Prime;]<\/p>\n<header class=\"item_header\">\n<h1><span style=\"font-size: 24px;\">PRODUITS ET OUTILS D\u2019AM\u00c9LIORATION<\/span><\/h1>\n<\/header>\n<div class=\"item_fulltext\">\n<p><strong>MATRICE DE R\u00c9CUP\u00c9RATION DES PRODUITS DE FEUILLUS<\/strong><\/p>\n<ul>\n<li class=\"firstItem\">Pr\u00e9voir la r\u00e9cup\u00e9ration du produit (% de sciage) \u00e0 partir des caract\u00e9ristiques de l\u2019arbre<\/li>\n<li class=\"lastItem\">Peut \u00eatre combin\u00e9 avec des donn\u00e9es de t\u00e9l\u00e9d\u00e9tection<\/li>\n<\/ul>\n<p><strong>PROTOTYPE DE SYST\u00c8ME D\u2019AIDE \u00c0 LA D\u00c9CISION<\/strong><\/p>\n<ul>\n<li class=\"firstItem\">Simplifie la gestion foresti\u00e8re<\/li>\n<li class=\"lastItem\">Cadre pour aider \u00e0 prendre des d\u00e9cisions et \u00e0 comparer les cons\u00e9quences des mesures de rechange<\/li>\n<\/ul>\n<p><strong>OUTIL DE PLANIFICATION MULTITRAITEMENT<\/strong><\/p>\n<ul>\n<li class=\"firstItem\">Outil automatis\u00e9 qui fournit un traitement sylvicole \u00e0 une r\u00e9solution d\u2019un hectare<\/li>\n<li>Compatible avec ArcGis pour \u00eatre utilis\u00e9 dans les syst\u00e8mes de navigation des machines de r\u00e9colte<\/li>\n<li class=\"lastItem\">Utilise actuellement l\u2019inventaire sur le terrain \u2013 version qui utilise les donn\u00e9es de t\u00e9l\u00e9d\u00e9tection en cours d\u2019\u00e9laboration<\/li>\n<\/ul>\n<h4>OUTILS DE FORMATION<\/h4>\n<p>La formation et le transfert des connaissances sont \u00e0 l\u2019avant-plan de tout ce que nous faisons \u00e0 l\u2019IRFN. Notre \u00e9quipe poss\u00e8de une exp\u00e9rience de formation consid\u00e9rable dans le secteur forestier. La capacit\u00e9 de formation de l\u2019IRFN est tr\u00e8s souple et r\u00e9pond aux besoins de nos clients. Nous offrons une vari\u00e9t\u00e9 de formations dans plusieurs formats :<\/p>\n<ul>\n<li class=\"firstItem\">Ateliers terrains<\/li>\n<li>Formation personnalis\u00e9e individuelle<\/li>\n<li>D\u00e9veloppement de vid\u00e9os de formation et d\u2019outils multim\u00e9dias<\/li>\n<li>D\u00e9monstrations et simulations<\/li>\n<li>Ateliers ax\u00e9s sur la technologie<\/li>\n<li class=\"lastItem\">Formation en salle de conf\u00e9rence<\/li>\n<\/ul>\n<h4>OUTILS INFORMATIFS<\/h4>\n<p><strong>DIAGRAMME DE GESTION DE LA DENSIT\u00c9 DE PEUPLEMENT CALIBR\u00c9 POUR LES FEUILLUS TOL\u00c9RANTS DU NORD-OUEST DU NOUVEAU-BRUNSWICK<\/strong><\/p>\n<ul>\n<li class=\"firstItem\">Aide \u00e0 d\u00e9terminer les besoins d\u2019\u00e9claircie et \u00e0 surveiller le d\u00e9veloppement du peuplement apr\u00e8s le traitement<\/li>\n<li class=\"lastItem\">Fournit des limites de densit\u00e9 et de stockage dans lesquels le peuplement doit \u00eatre maintenu pour une croissance optimale<\/li>\n<\/ul>\n<p><strong>CARTOGRAPHIE DE LA PROBABILIT\u00c9 DE BROUTAGE DES ORIGNAUX SUR LA R\u00c9G\u00c9N\u00c9RATION ET LES GAULES D&rsquo;ESP\u00c8CES COMMERCIALES<\/strong><\/p>\n<ul>\n<li class=\"lastItem firstItem\">Zones identifi\u00e9es o\u00f9 il y a une forte probabilit\u00e9 que la r\u00e9g\u00e9n\u00e9ration soit parcourue par des orignaux<\/li>\n<\/ul>\n<p><strong>SYNTH\u00c8SE DES CONNAISSANCES<\/strong><\/p>\n<ul>\n<li class=\"firstItem\">\u00c9claircie pr\u00e9commerciale<\/li>\n<li>R\u00e9partition, sylviculture et caract\u00e9ristiques des peuplements des principales esp\u00e8ces associ\u00e9es aux feuillus nordiques au NouveauBrunswick<\/li>\n<li class=\"lastItem\">Syst\u00e8mes sylvicoles et traitements pour feuillus tol\u00e9rants du Nouveau-Brunswick<\/li>\n<\/ul>\n<\/div>\n<p>[\/et_pb_text][\/et_pb_column][et_pb_column _builder_version=\u00a0\u00bb4.21.0&Prime; _module_preset=\u00a0\u00bbdefault\u00a0\u00bb type=\u00a0\u00bb1_2&Prime;][et_pb_text _builder_version=\u00a0\u00bb4.21.0&Prime; _module_preset=\u00a0\u00bbdefault\u00a0\u00bb hover_enabled=\u00a0\u00bb0&Prime; sticky_enabled=\u00a0\u00bb0&Prime;]<\/p>\n<h1><span style=\"font-size: 24px;\">PRODUITS ET OUTILS HABILITANTS<\/span><\/h1>\n<p><b>CL\u00c9S: \u00c9VALUATION DE LA VIGUEUR DE R\u00c9G\u00c9N\u00c9RATION<\/b><\/p>\n<ul>\n<li class=\"firstItem\">Estimation de la vigueur de la of r\u00e9g\u00e9n\u00e9ration<\/li>\n<li class=\"lastItem\">Outil pour \u00e9valuer les objectifs des traitements sylvicoles ant\u00e9rieurs<\/li>\n<\/ul>\n<p><b>MOD\u00c8LE OPEN STAND (OSM): EQUATIONS ET CALIBRATION <\/b><\/p>\n<ul>\n<li class=\"firstItem\">Nouveau mod\u00e8le de croissance et de rendement<\/li>\n<li class=\"lastItem\">M\u00e9lange entre le niveau des arbres STAMAN et le mod\u00e8le acadien<\/li>\n<\/ul>\n<p><b>OUTIL DE T\u00c9L\u00c9D\u00c9TECTION: \u00c9VALUATION DE VIGUEUR \u00c0 PARTIR D\u2019IMAGERIE SATELLITAIRE<\/b><\/p>\n<ul>\n<li class=\"lastItem firstItem\">Pr\u00e9voir la proportion d\u2019arbres commerciaux susceptibles de survivre au cours des 15 prochaines ann\u00e9es, la valeur devant demeurer stable ou s\u2019am\u00e9liorer au fil du temps<\/li>\n<\/ul>\n<p><b>OUTIL DE T\u00c9L\u00c9D\u00c9TECTION: ESTIMATION DE SURFACE TERRI\u00c8RE \u00c0 PARTIR D\u2019IMAGERIE LANDSAT<\/b><\/p>\n<ul>\n<li class=\"lastItem firstItem\">Estimation de la surface terri\u00e8re dans les peuplements d\u2019\u00e2ge pair et de deux cohorts<\/li>\n<\/ul>\n<p><b>OUTIL DE T\u00c9L\u00c9D\u00c9TECTION POUR CARACT\u00c9RISER LA R\u00c9G\u00c9N\u00c9RATION<\/b><\/p>\n<ul>\n<li class=\"lastItem firstItem\">Estimation de la densit\u00e9, du peuplement et de la composition des tiges dans les zones de r\u00e9g\u00e9n\u00e9ration<\/li>\n<\/ul>\n<p><b>APPLICATION MOBILE ET WEB DU SYST\u00c8ME DE PRESCRIPTION SYLVICOLES (SPS)<\/b><\/p>\n<ul>\n<li class=\"firstItem\">Application o\u00f9 vous r\u00e9pondez aux questions et recommandez des prescriptions de sylviculture<\/li>\n<li class=\"lastItem\">Promouvoir les SPS<\/li>\n<\/ul>\n<p><b>SYST\u00c8ME DE CLASSIFICATION DES R\u00c9COLTES FORESTI\u00c8RES POUR LE N.-B.<\/b><\/p>\n<ul>\n<li class=\"lastItem firstItem\">D\u00e9crit les impacts sur les peuplements et les conditions r\u00e9sultantes des traitements de r\u00e9colte<\/li>\n<\/ul>\n<p>[\/et_pb_text][\/et_pb_column][\/et_pb_row][\/et_pb_section]<\/p>\n","protected":false},"excerpt":{"rendered":"<p>PRODUITS ET OUTILS D\u2019AM\u00c9LIORATION MATRICE DE R\u00c9CUP\u00c9RATION DES PRODUITS DE FEUILLUS Pr\u00e9voir la r\u00e9cup\u00e9ration du produit (% de sciage) \u00e0 partir des caract\u00e9ristiques de l\u2019arbre Peut \u00eatre combin\u00e9 avec des\u2026 <a href=\"https:\/\/hardwoodsnb.ca\/fr\/outils-additionnels\/\">Read More &raquo;<\/a><\/p>\n","protected":false},"author":2,"featured_media":0,"parent":0,"menu_order":0,"comment_status":"closed","ping_status":"closed","template":"","meta":{"_et_pb_use_builder":"on","_et_pb_old_content":"","_et_gb_content_width":"","_monsterinsights_skip_tracking":false,"_monsterinsights_sitenote_active":false,"_monsterinsights_sitenote_note":"","_monsterinsights_sitenote_category":0,"footnotes":""},"categories":[],"tags":[],"class_list":["post-4778","page","type-page","status-publish","hentry"],"yoast_head":"<!-- This site is optimized with the Yoast SEO Premium plugin v27.0 (Yoast SEO v27.3) - https:\/\/yoast.com\/product\/yoast-seo-premium-wordpress\/ -->\n<title>Outils additionnels - Northern Hardwoods Research Institute<\/title>\n<meta name=\"robots\" content=\"index, follow, max-snippet:-1, max-image-preview:large, max-video-preview:-1\" \/>\n<link rel=\"canonical\" href=\"https:\/\/hardwoodsnb.ca\/fr\/outils-additionnels\/\" \/>\n<meta property=\"og:locale\" content=\"fr_FR\" \/>\n<meta property=\"og:type\" content=\"article\" \/>\n<meta property=\"og:title\" content=\"Outils additionnels\" \/>\n<meta property=\"og:description\" content=\"PRODUITS ET OUTILS D\u2019AM\u00c9LIORATION MATRICE DE R\u00c9CUP\u00c9RATION DES PRODUITS DE FEUILLUS Pr\u00e9voir la r\u00e9cup\u00e9ration du produit (% de sciage) \u00e0 partir des caract\u00e9ristiques de l\u2019arbre Peut \u00eatre combin\u00e9 avec des\u2026 Read More &raquo;\" \/>\n<meta property=\"og:url\" content=\"https:\/\/hardwoodsnb.ca\/fr\/outils-additionnels\/\" \/>\n<meta property=\"og:site_name\" content=\"Northern Hardwoods Research Institute\" \/>\n<meta property=\"article:publisher\" content=\"https:\/\/www.facebook.com\/irfnnhri\" \/>\n<meta property=\"article:modified_time\" content=\"2023-05-16T13:39:54+00:00\" \/>\n<meta name=\"twitter:card\" content=\"summary_large_image\" \/>\n<meta name=\"twitter:label1\" content=\"Dur\u00e9e de lecture estim\u00e9e\" \/>\n\t<meta name=\"twitter:data1\" content=\"4 minutes\" \/>\n<script type=\"application\/ld+json\" class=\"yoast-schema-graph\">{\"@context\":\"https:\\\/\\\/schema.org\",\"@graph\":[{\"@type\":\"WebPage\",\"@id\":\"https:\\\/\\\/hardwoodsnb.ca\\\/fr\\\/outils-additionnels\\\/\",\"url\":\"https:\\\/\\\/hardwoodsnb.ca\\\/fr\\\/outils-additionnels\\\/\",\"name\":\"Outils additionnels - Northern Hardwoods Research Institute\",\"isPartOf\":{\"@id\":\"https:\\\/\\\/hardwoodsnb.ca\\\/fr\\\/#website\"},\"datePublished\":\"2023-05-10T15:45:05+00:00\",\"dateModified\":\"2023-05-16T13:39:54+00:00\",\"breadcrumb\":{\"@id\":\"https:\\\/\\\/hardwoodsnb.ca\\\/fr\\\/outils-additionnels\\\/#breadcrumb\"},\"inLanguage\":\"fr-FR\",\"potentialAction\":[{\"@type\":\"ReadAction\",\"target\":[\"https:\\\/\\\/hardwoodsnb.ca\\\/fr\\\/outils-additionnels\\\/\"]}]},{\"@type\":\"BreadcrumbList\",\"@id\":\"https:\\\/\\\/hardwoodsnb.ca\\\/fr\\\/outils-additionnels\\\/#breadcrumb\",\"itemListElement\":[{\"@type\":\"ListItem\",\"position\":1,\"name\":\"Home\",\"item\":\"https:\\\/\\\/hardwoodsnb.ca\\\/fr\\\/\"},{\"@type\":\"ListItem\",\"position\":2,\"name\":\"Outils additionnels\"}]},{\"@type\":\"WebSite\",\"@id\":\"https:\\\/\\\/hardwoodsnb.ca\\\/fr\\\/#website\",\"url\":\"https:\\\/\\\/hardwoodsnb.ca\\\/fr\\\/\",\"name\":\"Northern Hardwoods Research Institute\",\"description\":\"Harvest Knowledge | Promote Growth\",\"publisher\":{\"@id\":\"https:\\\/\\\/hardwoodsnb.ca\\\/fr\\\/#organization\"},\"potentialAction\":[{\"@type\":\"SearchAction\",\"target\":{\"@type\":\"EntryPoint\",\"urlTemplate\":\"https:\\\/\\\/hardwoodsnb.ca\\\/fr\\\/?s={search_term_string}\"},\"query-input\":{\"@type\":\"PropertyValueSpecification\",\"valueRequired\":true,\"valueName\":\"search_term_string\"}}],\"inLanguage\":\"fr-FR\"},{\"@type\":\"Organization\",\"@id\":\"https:\\\/\\\/hardwoodsnb.ca\\\/fr\\\/#organization\",\"name\":\"Northern Hardwoods Research Institute Inc. \\\/ Institut de recherche sur les feuillus nordiques\",\"url\":\"https:\\\/\\\/hardwoodsnb.ca\\\/fr\\\/\",\"logo\":{\"@type\":\"ImageObject\",\"inLanguage\":\"fr-FR\",\"@id\":\"https:\\\/\\\/hardwoodsnb.ca\\\/fr\\\/#\\\/schema\\\/logo\\\/image\\\/\",\"url\":\"https:\\\/\\\/hardwoodsnb.ca\\\/wp-content\\\/uploads\\\/2023\\\/01\\\/logo-IRFN-NHRI.png\",\"contentUrl\":\"https:\\\/\\\/hardwoodsnb.ca\\\/wp-content\\\/uploads\\\/2023\\\/01\\\/logo-IRFN-NHRI.png\",\"width\":400,\"height\":106,\"caption\":\"Northern Hardwoods Research Institute Inc. \\\/ Institut de recherche sur les feuillus nordiques\"},\"image\":{\"@id\":\"https:\\\/\\\/hardwoodsnb.ca\\\/fr\\\/#\\\/schema\\\/logo\\\/image\\\/\"},\"sameAs\":[\"https:\\\/\\\/www.facebook.com\\\/irfnnhri\"]}]}<\/script>\n<!-- \/ Yoast SEO Premium plugin. -->","yoast_head_json":{"title":"Outils additionnels - Northern Hardwoods Research Institute","robots":{"index":"index","follow":"follow","max-snippet":"max-snippet:-1","max-image-preview":"max-image-preview:large","max-video-preview":"max-video-preview:-1"},"canonical":"https:\/\/hardwoodsnb.ca\/fr\/outils-additionnels\/","og_locale":"fr_FR","og_type":"article","og_title":"Outils additionnels","og_description":"PRODUITS ET OUTILS D\u2019AM\u00c9LIORATION MATRICE DE R\u00c9CUP\u00c9RATION DES PRODUITS DE FEUILLUS Pr\u00e9voir la r\u00e9cup\u00e9ration du produit (% de sciage) \u00e0 partir des caract\u00e9ristiques de l\u2019arbre Peut \u00eatre combin\u00e9 avec des\u2026 Read More &raquo;","og_url":"https:\/\/hardwoodsnb.ca\/fr\/outils-additionnels\/","og_site_name":"Northern Hardwoods Research Institute","article_publisher":"https:\/\/www.facebook.com\/irfnnhri","article_modified_time":"2023-05-16T13:39:54+00:00","twitter_card":"summary_large_image","twitter_misc":{"Dur\u00e9e de lecture estim\u00e9e":"4 minutes"},"schema":{"@context":"https:\/\/schema.org","@graph":[{"@type":"WebPage","@id":"https:\/\/hardwoodsnb.ca\/fr\/outils-additionnels\/","url":"https:\/\/hardwoodsnb.ca\/fr\/outils-additionnels\/","name":"Outils additionnels - Northern Hardwoods Research Institute","isPartOf":{"@id":"https:\/\/hardwoodsnb.ca\/fr\/#website"},"datePublished":"2023-05-10T15:45:05+00:00","dateModified":"2023-05-16T13:39:54+00:00","breadcrumb":{"@id":"https:\/\/hardwoodsnb.ca\/fr\/outils-additionnels\/#breadcrumb"},"inLanguage":"fr-FR","potentialAction":[{"@type":"ReadAction","target":["https:\/\/hardwoodsnb.ca\/fr\/outils-additionnels\/"]}]},{"@type":"BreadcrumbList","@id":"https:\/\/hardwoodsnb.ca\/fr\/outils-additionnels\/#breadcrumb","itemListElement":[{"@type":"ListItem","position":1,"name":"Home","item":"https:\/\/hardwoodsnb.ca\/fr\/"},{"@type":"ListItem","position":2,"name":"Outils additionnels"}]},{"@type":"WebSite","@id":"https:\/\/hardwoodsnb.ca\/fr\/#website","url":"https:\/\/hardwoodsnb.ca\/fr\/","name":"Northern Hardwoods Research Institute","description":"Harvest Knowledge | Promote Growth","publisher":{"@id":"https:\/\/hardwoodsnb.ca\/fr\/#organization"},"potentialAction":[{"@type":"SearchAction","target":{"@type":"EntryPoint","urlTemplate":"https:\/\/hardwoodsnb.ca\/fr\/?s={search_term_string}"},"query-input":{"@type":"PropertyValueSpecification","valueRequired":true,"valueName":"search_term_string"}}],"inLanguage":"fr-FR"},{"@type":"Organization","@id":"https:\/\/hardwoodsnb.ca\/fr\/#organization","name":"Northern Hardwoods Research Institute Inc. \/ Institut de recherche sur les feuillus nordiques","url":"https:\/\/hardwoodsnb.ca\/fr\/","logo":{"@type":"ImageObject","inLanguage":"fr-FR","@id":"https:\/\/hardwoodsnb.ca\/fr\/#\/schema\/logo\/image\/","url":"https:\/\/hardwoodsnb.ca\/wp-content\/uploads\/2023\/01\/logo-IRFN-NHRI.png","contentUrl":"https:\/\/hardwoodsnb.ca\/wp-content\/uploads\/2023\/01\/logo-IRFN-NHRI.png","width":400,"height":106,"caption":"Northern Hardwoods Research Institute Inc. \/ Institut de recherche sur les feuillus nordiques"},"image":{"@id":"https:\/\/hardwoodsnb.ca\/fr\/#\/schema\/logo\/image\/"},"sameAs":["https:\/\/www.facebook.com\/irfnnhri"]}]}},"_links":{"self":[{"href":"https:\/\/hardwoodsnb.ca\/fr\/wp-json\/wp\/v2\/pages\/4778","targetHints":{"allow":["GET"]}}],"collection":[{"href":"https:\/\/hardwoodsnb.ca\/fr\/wp-json\/wp\/v2\/pages"}],"about":[{"href":"https:\/\/hardwoodsnb.ca\/fr\/wp-json\/wp\/v2\/types\/page"}],"author":[{"embeddable":true,"href":"https:\/\/hardwoodsnb.ca\/fr\/wp-json\/wp\/v2\/users\/2"}],"replies":[{"embeddable":true,"href":"https:\/\/hardwoodsnb.ca\/fr\/wp-json\/wp\/v2\/comments?post=4778"}],"version-history":[{"count":0,"href":"https:\/\/hardwoodsnb.ca\/fr\/wp-json\/wp\/v2\/pages\/4778\/revisions"}],"wp:attachment":[{"href":"https:\/\/hardwoodsnb.ca\/fr\/wp-json\/wp\/v2\/media?parent=4778"}],"wp:term":[{"taxonomy":"category","embeddable":true,"href":"https:\/\/hardwoodsnb.ca\/fr\/wp-json\/wp\/v2\/categories?post=4778"},{"taxonomy":"post_tag","embeddable":true,"href":"https:\/\/hardwoodsnb.ca\/fr\/wp-json\/wp\/v2\/tags?post=4778"}],"curies":[{"name":"wp","href":"https:\/\/api.w.org\/{rel}","templated":true}]}}